{"id":1870,"date":"2026-03-02T12:26:57","date_gmt":"2026-03-02T11:26:57","guid":{"rendered":"http:\/\/wordpress.p702289.webspaceconfig.de\/?page_id=1870"},"modified":"2026-04-20T11:18:29","modified_gmt":"2026-04-20T09:18:29","slug":"wein-kulinarik-arrangement","status":"publish","type":"page","link":"https:\/\/www.landhaus-bacher.at\/en\/wein-kulinarik-arrangement\/","title":{"rendered":"WEIN &#038; KULINARIK Arrangement"},"content":{"rendered":"\t\t<div data-elementor-type=\"wp-page\" data-elementor-id=\"1870\" class=\"elementor elementor-1870\" data-elementor-post-type=\"page\">\n\t\t\t\t<div class=\"elementor-element elementor-element-2f6ebe0 e-flex e-con-boxed e-con e-parent\" data-id=\"2f6ebe0\" data-element_type=\"container\" data-e-type=\"container\">\n\t\t\t\t\t<div class=\"e-con-inner\">\n\t\t<div class=\"elementor-element elementor-element-ced3100 e-con-full e-flex e-con e-child\" data-id=\"ced3100\" data-element_type=\"container\" data-e-type=\"container\" data-settings=\"{&quot;motion_fx_motion_fx_scrolling&quot;:&quot;yes&quot;,&quot;motion_fx_translateY_effect&quot;:&quot;yes&quot;,&quot;motion_fx_translateY_speed&quot;:{&quot;unit&quot;:&quot;px&quot;,&quot;size&quot;:4,&quot;sizes&quot;:[]},&quot;motion_fx_translateY_affectedRange&quot;:{&quot;unit&quot;:&quot;%&quot;,&quot;size&quot;:&quot;&quot;,&quot;sizes&quot;:{&quot;start&quot;:0,&quot;end&quot;:100}},&quot;motion_fx_devices&quot;:[&quot;desktop&quot;,&quot;tablet&quot;,&quot;mobile&quot;]}\">\n\t\t\t\t<div class=\"elementor-element elementor-element-18177bd elementor-widget elementor-widget-image\" data-id=\"18177bd\" data-element_type=\"widget\" data-e-type=\"widget\" data-widget_type=\"image.default\">\n\t\t\t\t<div class=\"elementor-widget-container\">\n\t\t\t\t\t\t\t\t\t\t\t\t\t\t\t<img fetchpriority=\"high\" decoding=\"async\" width=\"1024\" height=\"683\" src=\"https:\/\/www.landhaus-bacher.at\/wp-content\/uploads\/2026\/03\/AdobeStock_291744391-1024x683.jpeg\" class=\"attachment-large size-large wp-image-1866\" alt=\"krems an der donau in wachau valley, lower austria, austria\" srcset=\"https:\/\/www.landhaus-bacher.at\/wp-content\/uploads\/2026\/03\/AdobeStock_291744391-1024x683.jpeg 1024w, https:\/\/www.landhaus-bacher.at\/wp-content\/uploads\/2026\/03\/AdobeStock_291744391-300x200.jpeg 300w, https:\/\/www.landhaus-bacher.at\/wp-content\/uploads\/2026\/03\/AdobeStock_291744391-768x512.jpeg 768w, https:\/\/www.landhaus-bacher.at\/wp-content\/uploads\/2026\/03\/AdobeStock_291744391-1536x1024.jpeg 1536w, https:\/\/www.landhaus-bacher.at\/wp-content\/uploads\/2026\/03\/AdobeStock_291744391-2048x1365.jpeg 2048w\" sizes=\"(max-width: 1024px) 100vw, 1024px\" title=\"WEIN &amp; KULINARIK Arrangement\">\t\t\t\t\t\t\t\t\t\t\t\t\t\t\t<\/div>\n\t\t\t\t<\/div>\n\t\t\t\t<\/div>\n\t\t<div class=\"elementor-element elementor-element-5d0c059 e-con-full e-flex e-con e-child\" data-id=\"5d0c059\" data-element_type=\"container\" data-e-type=\"container\">\n\t\t\t\t<div class=\"elementor-element elementor-element-6106cac elementor-widget elementor-widget-heading\" data-id=\"6106cac\" data-element_type=\"widget\" data-e-type=\"widget\" data-widget_type=\"heading.default\">\n\t\t\t\t<div class=\"elementor-widget-container\">\n\t\t\t\t\t<h2 class=\"elementor-heading-title elementor-size-default\">WEIN &amp; KULINARIK\n-ARRANGEMENT\n<\/h2>\t\t\t\t<\/div>\n\t\t\t\t<\/div>\n\t\t\t\t<div class=\"elementor-element elementor-element-a4f8e73 elementor-widget elementor-widget-text-editor\" data-id=\"a4f8e73\" data-element_type=\"widget\" data-e-type=\"widget\" data-widget_type=\"text-editor.default\">\n\t\t\t\t<div class=\"elementor-widget-container\">\n\t\t\t\t\t\t\t\t\t<div class=\"ce-bodytext\"><p data-start=\"40\" data-end=\"274\">Drei Tage ganz im Zeichen gro\u00dfer Weine und feiner K\u00fcche: Von Mittwoch bis Freitag genie\u00dfen Sie exklusive Weinverkostungen bei ausgew\u00e4hlten Winzern, kulinarische H\u00f6hepunkte im Landhaus Bacher und entspannte Stunden inmitten der Wachau.<\/p><p data-start=\"276\" data-end=\"531\">Freuen Sie sich auf ein 5-g\u00e4ngiges \u00dcberraschungsmen\u00fc sowie ein 4-g\u00e4ngiges \u00f6sterreichisches Men\u00fc \u2013 jeweils mit sorgf\u00e4ltig abgestimmter Weinbegleitung \u2013 erg\u00e4nzt durch ein kleines Mittagessen und genussvolle Degustationen inklusive Shuttle zu den Weing\u00fctern.<\/p><\/div>\t\t\t\t\t\t\t\t<\/div>\n\t\t\t\t<\/div>\n\t\t\t\t<div class=\"elementor-element elementor-element-dc77317 elementor-widget elementor-widget-button\" data-id=\"dc77317\" data-element_type=\"widget\" data-e-type=\"widget\" data-widget_type=\"button.default\">\n\t\t\t\t<div class=\"elementor-widget-container\">\n\t\t\t\t\t\t\t\t\t<div class=\"elementor-button-wrapper\">\n\t\t\t\t\t<a class=\"elementor-button elementor-button-link elementor-size-sm\" href=\"https:\/\/www.landhaus-bacher.at\/kontakt\/\">\n\t\t\t\t\t\t<span class=\"elementor-button-content-wrapper\">\n\t\t\t\t\t\t\t\t\t<span class=\"elementor-button-text\">Jetzt Anfragen<\/span>\n\t\t\t\t\t<\/span>\n\t\t\t\t\t<\/a>\n\t\t\t\t<\/div>\n\t\t\t\t\t\t\t\t<\/div>\n\t\t\t\t<\/div>\n\t\t\t\t<\/div>\n\t\t\t\t\t<\/div>\n\t\t\t\t<\/div>\n\t\t<div class=\"elementor-element elementor-element-2a57794 e-flex e-con-boxed e-con e-parent\" data-id=\"2a57794\" data-element_type=\"container\" data-e-type=\"container\">\n\t\t\t\t\t<div class=\"e-con-inner\">\n\t\t\t\t<div class=\"elementor-element elementor-element-9f19241 elementor-widget elementor-widget-text-editor\" data-id=\"9f19241\" data-element_type=\"widget\" data-e-type=\"widget\" data-widget_type=\"text-editor.default\">\n\t\t\t\t<div class=\"elementor-widget-container\">\n\t\t\t\t\t\t\t\t\t<h3 class=\"text-center\">Inklusivleistungen<\/h3><p class=\"text-center\">Mittwoch bis Freitag<\/p><p class=\"text-center\"><strong>Mittwoch<\/strong><br \/>14:00 Uhr:\u00a0Willkommensgru\u00df mit Aperitif und Gaumenhappen<br \/>15:15 Uhr:\u00a0Weinkost bei einem Winzer<br \/>18:30 Uhr:\u00a0Aperitif, anschlie\u00dfend 5-g\u00e4ngiges \u00dcberraschungsmen\u00fc mit Weinbegleitung<br \/>\u00a0<\/p><p class=\"text-center\"><strong>Donnerstag<\/strong><br \/>Fr\u00fchst\u00fccksbuffet (ab 08:00 Uhr)<\/p><p class=\"text-center\">10:00 Uhr:\u00a0Weinkost bei einem Winzer<br \/>12:30 Uhr:\u00a0kleines Mittagessen\u00a0<br \/>Nachmittag zur freien Verf\u00fcgung<br \/>19:30 Uhr:\u00a04-g\u00e4ngiges \u00f6sterreichisches Men\u00fc mit Weinbegleitung<\/p><p class=\"text-center\"><strong>Freitag<\/strong><br \/>Fr\u00fchst\u00fccksbuffet (ab 08:00 Uhr)<br \/>individuelle Abreise<\/p><p class=\"text-center\">Preis: 740,- \u20ac pro Person<\/p><p class=\"text-center\">2 N\u00e4chte im Doppelzimmer<br \/>3 Essen im Landhaus mit Weinbegleitung<br \/>Weinverkostungen bei verschiedenen Winzern<br \/>Shuttle zu den Winzern gratis<\/p><p class=\"text-center\">\u00a0<\/p><p class=\"text-center\"><strong>Bitte beachten Sie, dass unsere Arrangements (au\u00dfer Reinschmecker) im M\u00e4rz, Mai, Juni &amp; November keine G\u00fcltigkeit haben<\/strong>.<\/p>\t\t\t\t\t\t\t\t<\/div>\n\t\t\t\t<\/div>\n\t\t\t\t\t<\/div>\n\t\t\t\t<\/div>\n\t\t\t\t<\/div>\n\t\t","protected":false},"excerpt":{"rendered":"<p>WEIN &amp; KULINARIK -ARRANGEMENT Drei Tage ganz im Zeichen gro\u00dfer Weine und feiner K\u00fcche: Von Mittwoch bis Freitag genie\u00dfen Sie [&hellip;]<\/p>\n","protected":false},"author":1,"featured_media":0,"parent":0,"menu_order":0,"comment_status":"closed","ping_status":"closed","template":"","meta":{"site-sidebar-layout":"no-sidebar","site-content-layout":"","ast-site-content-layout":"full-width-container","site-content-style":"default","site-sidebar-style":"default","ast-global-header-display":"","ast-banner-title-visibility":"","ast-main-header-display":"","ast-hfb-above-header-display":"","ast-hfb-below-header-display":"","ast-hfb-mobile-header-display":"","site-post-title":"disabled","ast-breadcrumbs-content":"","ast-featured-img":"","footer-sml-layout":"","ast-disable-related-posts":"","theme-transparent-header-meta":"","adv-header-id-meta":"","stick-header-meta":"","header-above-stick-meta":"","header-main-stick-meta":"","header-below-stick-meta":"","astra-migrate-meta-layouts":"default","ast-page-background-enabled":"default","ast-page-background-meta":{"desktop":{"background-color":"var(--ast-global-color-4)","background-image":"","background-repeat":"repeat","background-position":"center center","background-size":"auto","background-attachment":"scroll","background-type":"","background-media":"","overlay-type":"","overlay-color":"","overlay-opacity":"","overlay-gradient":""},"tablet":{"background-color":"","background-image":"","background-repeat":"repeat","background-position":"center center","background-size":"auto","background-attachment":"scroll","background-type":"","background-media":"","overlay-type":"","overlay-color":"","overlay-opacity":"","overlay-gradient":""},"mobile":{"background-color":"","background-image":"","background-repeat":"repeat","background-position":"center center","background-size":"auto","background-attachment":"scroll","background-type":"","background-media":"","overlay-type":"","overlay-color":"","overlay-opacity":"","overlay-gradient":""}},"ast-content-background-meta":{"desktop":{"background-color":"var(--ast-global-color-5)","background-image":"","background-repeat":"repeat","background-position":"center center","background-size":"auto","background-attachment":"scroll","background-type":"","background-media":"","overlay-type":"","overlay-color":"","overlay-opacity":"","overlay-gradient":""},"tablet":{"background-color":"var(--ast-global-color-5)","background-image":"","background-repeat":"repeat","background-position":"center center","background-size":"auto","background-attachment":"scroll","background-type":"","background-media":"","overlay-type":"","overlay-color":"","overlay-opacity":"","overlay-gradient":""},"mobile":{"background-color":"var(--ast-global-color-5)","background-image":"","background-repeat":"repeat","background-position":"center center","background-size":"auto","background-attachment":"scroll","background-type":"","background-media":"","overlay-type":"","overlay-color":"","overlay-opacity":"","overlay-gradient":""}},"footnotes":""},"class_list":["post-1870","page","type-page","status-publish","hentry"],"_links":{"self":[{"href":"https:\/\/www.landhaus-bacher.at\/en\/wp-json\/wp\/v2\/pages\/1870","targetHints":{"allow":["GET"]}}],"collection":[{"href":"https:\/\/www.landhaus-bacher.at\/en\/wp-json\/wp\/v2\/pages"}],"about":[{"href":"https:\/\/www.landhaus-bacher.at\/en\/wp-json\/wp\/v2\/types\/page"}],"author":[{"embeddable":true,"href":"https:\/\/www.landhaus-bacher.at\/en\/wp-json\/wp\/v2\/users\/1"}],"replies":[{"embeddable":true,"href":"https:\/\/www.landhaus-bacher.at\/en\/wp-json\/wp\/v2\/comments?post=1870"}],"version-history":[{"count":7,"href":"https:\/\/www.landhaus-bacher.at\/en\/wp-json\/wp\/v2\/pages\/1870\/revisions"}],"predecessor-version":[{"id":2074,"href":"https:\/\/www.landhaus-bacher.at\/en\/wp-json\/wp\/v2\/pages\/1870\/revisions\/2074"}],"wp:attachment":[{"href":"https:\/\/www.landhaus-bacher.at\/en\/wp-json\/wp\/v2\/media?parent=1870"}],"curies":[{"name":"wp","href":"https:\/\/api.w.org\/{rel}","templated":true}]}}