{"id":1696,"date":"2026-02-24T19:27:36","date_gmt":"2026-02-24T18:27:36","guid":{"rendered":"http:\/\/wordpress.p702289.webspaceconfig.de\/?page_id=1696"},"modified":"2026-02-24T19:28:30","modified_gmt":"2026-02-24T18:28:30","slug":"impressum","status":"publish","type":"page","link":"https:\/\/www.landhaus-bacher.at\/en\/impressum\/","title":{"rendered":"Impressum"},"content":{"rendered":"<div data-elementor-type=\"wp-page\" data-elementor-id=\"1696\" class=\"elementor elementor-1696\" data-elementor-post-type=\"page\">\n\t\t\t\t<div class=\"elementor-element elementor-element-f95c080 e-flex e-con-boxed e-con e-parent\" data-id=\"f95c080\" data-element_type=\"container\" data-e-type=\"container\">\n\t\t\t\t\t<div class=\"e-con-inner\">\n\t\t\t\t<div class=\"elementor-element elementor-element-fcce5a4 elementor-widget elementor-widget-heading\" data-id=\"fcce5a4\" data-element_type=\"widget\" data-e-type=\"widget\" data-widget_type=\"heading.default\">\n\t\t\t\t<div class=\"elementor-widget-container\">\n\t\t\t\t\t<h2 class=\"elementor-heading-title elementor-size-default\">Impressum<\/h2>\t\t\t\t<\/div>\n\t\t\t\t<\/div>\n\t\t\t\t\t<\/div>\n\t\t\t\t<\/div>\n\t\t<div class=\"elementor-element elementor-element-2b6d235 e-flex e-con-boxed e-con e-parent\" data-id=\"2b6d235\" data-element_type=\"container\" data-e-type=\"container\">\n\t\t\t\t\t<div class=\"e-con-inner\">\n\t\t\t\t<div class=\"elementor-element elementor-element-09d5eae elementor-widget elementor-widget-text-editor\" data-id=\"09d5eae\" data-element_type=\"widget\" data-e-type=\"widget\" data-widget_type=\"text-editor.default\">\n\t\t\t\t<div class=\"elementor-widget-container\">\n\t\t\t\t\t\t\t\t\t<p class=\"text-center\"><strong>F\u00fcr den Inhalt verantwortlich:<\/strong><\/p><p class=\"text-center\">Landhaus Bacher GmbH &amp; Co KG<br \/>Lisl Wagner-Bacher und Susanne Dorfer-Bacher<br \/>S\u00fcdtirolerplatz 2<br \/>A-3512 Mautern<br \/>Tel 02732\/82 937<br \/>Fax 02732\/74 337<br \/><a href=\"mailto:info@landhaus-bacher.at\">info@landhaus-bacher.at<\/a><\/p><p class=\"text-center\">UID:\u00a0ATU74056736<br \/>Firmenbuchnummer:\u00a0507328x<br \/>Firmengericht: Landesgericht Krems<br \/>Beh\u00f6rde gem. ECG (E-Commerce Gesetz):\u00a0Bezirkshauptmannschaft Krems\/Donau<br \/>Gastgewerbe in der Betriebsart Hotelrestaurant mit den Berechtigungen gem\u00e4\u00df \u00a7 189 Abs. 1 Z. 1-4 GewO 1973<\/p><p class=\"text-center\"><strong>Konzept &amp; Design:<\/strong><br \/>Studio Ideenladen GmbH<br \/><a href=\"http:\/\/www.ideenladen.at\/\" target=\"_blank\" rel=\"noopener\">www.ideenladen.at<\/a><\/p><p class=\"text-center\"><strong>Texte:<\/strong><br \/>Alexander Rabl<br \/><a href=\"mailto:mail@alexanderrabl.at\">mail@alexanderrabl.at<\/a><\/p><p class=\"text-center\"><strong>Fotos:<\/strong><br \/>Nafez Rehruf\u00a0<a href=\"https:\/\/nafezrerhuf.com\/\" target=\"_blank\" rel=\"noopener\">www.nafezrerhuf.com<\/a><\/p><p class=\"text-center\">F\u00fcr die Richtigkeit, Vollst\u00e4ndigkeit und Aktualit\u00e4t der Inhalte dieser Website sowie f\u00fcr die Inhalte von externen Links \u00fcbernehmen wir keine Gew\u00e4hr.<\/p>\t\t\t\t\t\t\t\t<\/div>\n\t\t\t\t<\/div>\n\t\t\t\t\t<\/div>\n\t\t\t\t<\/div>\n\t\t\t\t<\/div>","protected":false},"excerpt":{"rendered":"<p>Impressum F\u00fcr den Inhalt verantwortlich: Landhaus Bacher GmbH &amp; Co KGLisl Wagner-Bacher und Susanne Dorfer-BacherS\u00fcdtirolerplatz 2A-3512 MauternTel 02732\/82 937Fax 02732\/74 [&hellip;]<\/p>\n","protected":false},"author":1,"featured_media":0,"parent":0,"menu_order":0,"comment_status":"closed","ping_status":"closed","template":"","meta":{"site-sidebar-layout":"no-sidebar","site-content-layout":"","ast-site-content-layout":"full-width-container","site-content-style":"default","site-sidebar-style":"default","ast-global-header-display":"","ast-banner-title-visibility":"","ast-main-header-display":"","ast-hfb-above-header-display":"","ast-hfb-below-header-display":"","ast-hfb-mobile-header-display":"","site-post-title":"disabled","ast-breadcrumbs-content":"","ast-featured-img":"","footer-sml-layout":"","ast-disable-related-posts":"","theme-transparent-header-meta":"","adv-header-id-meta":"","stick-header-meta":"","header-above-stick-meta":"","header-main-stick-meta":"","header-below-stick-meta":"","astra-migrate-meta-layouts":"default","ast-page-background-enabled":"default","ast-page-background-meta":{"desktop":{"background-color":"var(--ast-global-color-4)","background-image":"","background-repeat":"repeat","background-position":"center center","background-size":"auto","background-attachment":"scroll","background-type":"","background-media":"","overlay-type":"","overlay-color":"","overlay-opacity":"","overlay-gradient":""},"tablet":{"background-color":"","background-image":"","background-repeat":"repeat","background-position":"center center","background-size":"auto","background-attachment":"scroll","background-type":"","background-media":"","overlay-type":"","overlay-color":"","overlay-opacity":"","overlay-gradient":""},"mobile":{"background-color":"","background-image":"","background-repeat":"repeat","background-position":"center center","background-size":"auto","background-attachment":"scroll","background-type":"","background-media":"","overlay-type":"","overlay-color":"","overlay-opacity":"","overlay-gradient":""}},"ast-content-background-meta":{"desktop":{"background-color":"var(--ast-global-color-5)","background-image":"","background-repeat":"repeat","background-position":"center center","background-size":"auto","background-attachment":"scroll","background-type":"","background-media":"","overlay-type":"","overlay-color":"","overlay-opacity":"","overlay-gradient":""},"tablet":{"background-color":"var(--ast-global-color-5)","background-image":"","background-repeat":"repeat","background-position":"center center","background-size":"auto","background-attachment":"scroll","background-type":"","background-media":"","overlay-type":"","overlay-color":"","overlay-opacity":"","overlay-gradient":""},"mobile":{"background-color":"var(--ast-global-color-5)","background-image":"","background-repeat":"repeat","background-position":"center center","background-size":"auto","background-attachment":"scroll","background-type":"","background-media":"","overlay-type":"","overlay-color":"","overlay-opacity":"","overlay-gradient":""}},"footnotes":""},"class_list":["post-1696","page","type-page","status-publish","hentry"],"_links":{"self":[{"href":"https:\/\/www.landhaus-bacher.at\/en\/wp-json\/wp\/v2\/pages\/1696","targetHints":{"allow":["GET"]}}],"collection":[{"href":"https:\/\/www.landhaus-bacher.at\/en\/wp-json\/wp\/v2\/pages"}],"about":[{"href":"https:\/\/www.landhaus-bacher.at\/en\/wp-json\/wp\/v2\/types\/page"}],"author":[{"embeddable":true,"href":"https:\/\/www.landhaus-bacher.at\/en\/wp-json\/wp\/v2\/users\/1"}],"replies":[{"embeddable":true,"href":"https:\/\/www.landhaus-bacher.at\/en\/wp-json\/wp\/v2\/comments?post=1696"}],"version-history":[{"count":4,"href":"https:\/\/www.landhaus-bacher.at\/en\/wp-json\/wp\/v2\/pages\/1696\/revisions"}],"predecessor-version":[{"id":1700,"href":"https:\/\/www.landhaus-bacher.at\/en\/wp-json\/wp\/v2\/pages\/1696\/revisions\/1700"}],"wp:attachment":[{"href":"https:\/\/www.landhaus-bacher.at\/en\/wp-json\/wp\/v2\/media?parent=1696"}],"curies":[{"name":"wp","href":"https:\/\/api.w.org\/{rel}","templated":true}]}}