{"id":1548,"date":"2026-01-26T10:59:26","date_gmt":"2026-01-26T09:59:26","guid":{"rendered":"http:\/\/wordpress.p702289.webspaceconfig.de\/?page_id=1548"},"modified":"2026-04-20T10:55:47","modified_gmt":"2026-04-20T08:55:47","slug":"karriere","status":"publish","type":"page","link":"https:\/\/www.landhaus-bacher.at\/en\/karriere\/","title":{"rendered":"Careers"},"content":{"rendered":"\t\t<div data-elementor-type=\"wp-page\" data-elementor-id=\"1548\" class=\"elementor elementor-1548\" data-elementor-post-type=\"page\">\n\t\t\t\t<div class=\"elementor-element elementor-element-2f6ebe0 e-flex e-con-boxed e-con e-parent\" data-id=\"2f6ebe0\" data-element_type=\"container\" data-e-type=\"container\">\n\t\t\t\t\t<div class=\"e-con-inner\">\n\t\t<div class=\"elementor-element elementor-element-ced3100 e-con-full e-flex e-con e-child\" data-id=\"ced3100\" data-element_type=\"container\" data-e-type=\"container\" data-settings=\"{&quot;motion_fx_motion_fx_scrolling&quot;:&quot;yes&quot;,&quot;motion_fx_translateY_effect&quot;:&quot;yes&quot;,&quot;motion_fx_translateY_speed&quot;:{&quot;unit&quot;:&quot;px&quot;,&quot;size&quot;:4,&quot;sizes&quot;:[]},&quot;motion_fx_translateY_affectedRange&quot;:{&quot;unit&quot;:&quot;%&quot;,&quot;size&quot;:&quot;&quot;,&quot;sizes&quot;:{&quot;start&quot;:0,&quot;end&quot;:100}},&quot;motion_fx_devices&quot;:[&quot;desktop&quot;,&quot;tablet&quot;,&quot;mobile&quot;]}\">\n\t\t\t\t<div class=\"elementor-element elementor-element-18177bd elementor-widget elementor-widget-image\" data-id=\"18177bd\" data-element_type=\"widget\" data-e-type=\"widget\" data-widget_type=\"image.default\">\n\t\t\t\t<div class=\"elementor-widget-container\">\n\t\t\t\t\t\t\t\t\t\t\t\t\t\t\t<img fetchpriority=\"high\" decoding=\"async\" width=\"1024\" height=\"683\" src=\"https:\/\/www.landhaus-bacher.at\/wp-content\/uploads\/2026\/02\/karriere-1024x683.png\" class=\"attachment-large size-large wp-image-1680\" alt=\"karriere\" srcset=\"https:\/\/www.landhaus-bacher.at\/wp-content\/uploads\/2026\/02\/karriere-1024x683.png 1024w, https:\/\/www.landhaus-bacher.at\/wp-content\/uploads\/2026\/02\/karriere-300x200.png 300w, https:\/\/www.landhaus-bacher.at\/wp-content\/uploads\/2026\/02\/karriere-768x512.png 768w, https:\/\/www.landhaus-bacher.at\/wp-content\/uploads\/2026\/02\/karriere.png 1536w\" sizes=\"(max-width: 1024px) 100vw, 1024px\" title=\"Karriere\">\t\t\t\t\t\t\t\t\t\t\t\t\t\t\t<\/div>\n\t\t\t\t<\/div>\n\t\t\t\t<\/div>\n\t\t<div class=\"elementor-element elementor-element-5d0c059 e-con-full e-flex e-con e-child\" data-id=\"5d0c059\" data-element_type=\"container\" data-e-type=\"container\">\n\t\t\t\t<div class=\"elementor-element elementor-element-6106cac elementor-widget elementor-widget-heading\" data-id=\"6106cac\" data-element_type=\"widget\" data-e-type=\"widget\" data-widget_type=\"heading.default\">\n\t\t\t\t<div class=\"elementor-widget-container\">\n\t\t\t\t\t<h2 class=\"elementor-heading-title elementor-size-default\">Karriere im Landhaus Bacher<\/h2>\t\t\t\t<\/div>\n\t\t\t\t<\/div>\n\t\t\t\t<div class=\"elementor-element elementor-element-a4f8e73 elementor-widget elementor-widget-text-editor\" data-id=\"a4f8e73\" data-element_type=\"widget\" data-e-type=\"widget\" data-widget_type=\"text-editor.default\">\n\t\t\t\t<div class=\"elementor-widget-container\">\n\t\t\t\t\t\t\t\t\t<div class=\"ce-bodytext\">\n<div class=\"flex flex-col text-sm pb-25\">\n<article class=\"text-token-text-primary w-full focus:outline-none [--shadow-height:45px] has-data-writing-block:pointer-events-none has-data-writing-block:-mt-(--shadow-height) has-data-writing-block:pt-(--shadow-height) [&amp;:has([data-writing-block])&gt;*]:pointer-events-auto scroll-mt-[calc(var(--header-height)+min(200px,max(70px,20svh)))]\" dir=\"auto\" tabindex=\"-1\" data-turn-id=\"request-WEB:df37f5aa-bebc-453b-8339-60289ba21a88-1\" data-testid=\"conversation-turn-4\" data-scroll-anchor=\"true\" data-turn=\"assistant\">\n<div class=\"text-base my-auto mx-auto pb-10 [--thread-content-margin:--spacing(4)] @w-sm\/main:[--thread-content-margin:--spacing(6)] @w-lg\/main:[--thread-content-margin:--spacing(16)] px-(--thread-content-margin)\">\n<div class=\"[--thread-content-max-width:40rem] @w-lg\/main:[--thread-content-max-width:48rem] mx-auto max-w-(--thread-content-max-width) flex-1 group\/turn-messages focus-visible:outline-hidden relative flex w-full min-w-0 flex-col agent-turn\" tabindex=\"-1\">\n<div class=\"flex max-w-full flex-col grow\">\n<div class=\"min-h-8 text-message relative flex w-full flex-col items-end gap-2 text-start break-words whitespace-normal [.text-message+&amp;]:mt-1\" dir=\"auto\" data-message-author-role=\"assistant\" data-message-id=\"8bc4658a-8f27-42a8-a138-e130738f18ed\" data-message-model-slug=\"gpt-5-2\">\n<div class=\"flex w-full flex-col gap-1 empty:hidden first:pt-[1px]\">\n<div class=\"markdown prose dark:prose-invert w-full wrap-break-word light markdown-new-styling\">\n<p data-start=\"55\" data-end=\"445\" data-is-last-node=\"\" data-is-only-node=\"\">Unter der Leitung von Sommeli\u00e8re Susanne Dorfer treffen die K\u00fcche von Thomas Dorfer und au\u00dfergew\u00f6hnliche Weine aus der Wachau und Europas Top-Regionen aufeinander. Gemeinsam mit ihrer Schwester Christina Kopriva-Wagner entsteht ein Haus, in dem Qualit\u00e4t, Handwerk und Sinn f\u00fcr Details im Mittelpunkt stehen.<\/p>\n<\/div>\n<\/div>\n<\/div>\n<\/div>\n<div class=\"z-0 flex min-h-[46px] justify-start\">&nbsp;<\/div>\n<div class=\"mt-3 w-full empty:hidden\">\n<div class=\"text-center\">&nbsp;<\/div>\n<\/div>\n<\/div>\n<\/div>\n<\/article>\n<\/div>\n<div class=\"pointer-events-none h-px w-px absolute bottom-0\" aria-hidden=\"true\" data-edge=\"true\">&nbsp;&nbsp;<\/div>\n<\/div>\t\t\t\t\t\t\t\t<\/div>\n\t\t\t\t<\/div>\n\t\t\t\t<\/div>\n\t\t\t\t\t<\/div>\n\t\t\t\t<\/div>\n\t\t<div class=\"elementor-element elementor-element-283795e e-flex e-con-boxed e-con e-parent\" data-id=\"283795e\" data-element_type=\"container\" data-e-type=\"container\" data-settings=\"{&quot;motion_fx_motion_fx_scrolling&quot;:&quot;yes&quot;,&quot;motion_fx_translateY_effect&quot;:&quot;yes&quot;,&quot;motion_fx_translateY_speed&quot;:{&quot;unit&quot;:&quot;px&quot;,&quot;size&quot;:7.6,&quot;sizes&quot;:[]},&quot;motion_fx_translateY_affectedRange&quot;:{&quot;unit&quot;:&quot;%&quot;,&quot;size&quot;:&quot;&quot;,&quot;sizes&quot;:{&quot;start&quot;:0,&quot;end&quot;:100}},&quot;motion_fx_devices&quot;:[&quot;desktop&quot;,&quot;tablet&quot;,&quot;mobile&quot;]}\">\n\t\t\t\t\t<div class=\"e-con-inner\">\n\t\t<div class=\"elementor-element elementor-element-adf8c5a e-con-full e-flex e-con e-child\" data-id=\"adf8c5a\" data-element_type=\"container\" data-e-type=\"container\" data-settings=\"{&quot;motion_fx_motion_fx_scrolling&quot;:&quot;yes&quot;,&quot;motion_fx_translateY_effect&quot;:&quot;yes&quot;,&quot;motion_fx_translateY_speed&quot;:{&quot;unit&quot;:&quot;px&quot;,&quot;size&quot;:4,&quot;sizes&quot;:[]},&quot;motion_fx_translateY_affectedRange&quot;:{&quot;unit&quot;:&quot;%&quot;,&quot;size&quot;:&quot;&quot;,&quot;sizes&quot;:{&quot;start&quot;:0,&quot;end&quot;:100}},&quot;motion_fx_devices&quot;:[&quot;desktop&quot;,&quot;tablet&quot;,&quot;mobile&quot;]}\">\n\t\t\t\t<div class=\"elementor-element elementor-element-e69714c elementor-widget elementor-widget-image\" data-id=\"e69714c\" data-element_type=\"widget\" data-e-type=\"widget\" data-widget_type=\"image.default\">\n\t\t\t\t<div class=\"elementor-widget-container\">\n\t\t\t\t\t\t\t\t\t\t\t\t\t\t\t<img decoding=\"async\" width=\"372\" height=\"547\" src=\"https:\/\/www.landhaus-bacher.at\/wp-content\/uploads\/2026\/01\/kueche_3.jpg\" class=\"attachment-large size-large wp-image-1493\" alt=\"screenshot\" srcset=\"https:\/\/www.landhaus-bacher.at\/wp-content\/uploads\/2026\/01\/kueche_3.jpg 372w, https:\/\/www.landhaus-bacher.at\/wp-content\/uploads\/2026\/01\/kueche_3-204x300.jpg 204w\" sizes=\"(max-width: 372px) 100vw, 372px\" title=\"Karriere\">\t\t\t\t\t\t\t\t\t\t\t\t\t\t\t<\/div>\n\t\t\t\t<\/div>\n\t\t\t\t<\/div>\n\t\t<div class=\"elementor-element elementor-element-18cfb8a e-con-full e-flex e-con e-child\" data-id=\"18cfb8a\" data-element_type=\"container\" data-e-type=\"container\">\n\t\t\t\t<div class=\"elementor-element elementor-element-a309bcb elementor-widget elementor-widget-heading\" data-id=\"a309bcb\" data-element_type=\"widget\" data-e-type=\"widget\" data-widget_type=\"heading.default\">\n\t\t\t\t<div class=\"elementor-widget-container\">\n\t\t\t\t\t<h2 class=\"elementor-heading-title elementor-size-default\">Wir suchen ab sofort bzw nach Vereinbarung :\n<\/h2>\t\t\t\t<\/div>\n\t\t\t\t<\/div>\n\t\t\t\t<div class=\"elementor-element elementor-element-d62076d elementor-widget elementor-widget-button\" data-id=\"d62076d\" data-element_type=\"widget\" data-e-type=\"widget\" data-widget_type=\"button.default\">\n\t\t\t\t<div class=\"elementor-widget-container\">\n\t\t\t\t\t\t\t\t\t<div class=\"elementor-button-wrapper\">\n\t\t\t\t\t<a class=\"elementor-button elementor-button-link elementor-size-sm\" href=\"mailto:INFO@LANDHAUS-BACHER.AT\" target=\"_blank\">\n\t\t\t\t\t\t<span class=\"elementor-button-content-wrapper\">\n\t\t\t\t\t\t\t\t\t<span class=\"elementor-button-text\">Jetzt Bewerben<\/span>\n\t\t\t\t\t<\/span>\n\t\t\t\t\t<\/a>\n\t\t\t\t<\/div>\n\t\t\t\t\t\t\t\t<\/div>\n\t\t\t\t<\/div>\n\t\t\t\t<div class=\"elementor-element elementor-element-8469f87 elementor-widget elementor-widget-text-editor\" data-id=\"8469f87\" data-element_type=\"widget\" data-e-type=\"widget\" data-widget_type=\"text-editor.default\">\n\t\t\t\t<div class=\"elementor-widget-container\">\n\t\t\t\t\t\t\t\t\t<p class=\"text-center\">SERVICE :<\/p><p class=\"text-center\"><strong>Chef de Rang &#8211;\u00a0<\/strong>ab sofort oder nach Vereinbarung<\/p><p class=\"text-center\"><strong>Commis de Rang &#8211;\u00a0<\/strong>ab sofort oder nach Vereinbarung<\/p><p class=\"text-center\">Wir bieten Ihnen eine umfassende Aus- und Weiterbildung\u00a0im Bereich Wein, Digestiv, K\u00e4se etc.<\/p><p class=\"text-center\">K\u00dcCHE:<\/p><p class=\"text-center\"><strong>Commis\/ Demi Chef &amp; Chef de Partie<\/strong>\u00a0&#8211; nach Vereinbarung<\/p><p class=\"text-center\"><strong>Demi Chef Patissier<\/strong>\u00a0&#8211; ab sofort<\/p><p class=\"text-center\"><strong>Lehrlinge &#8211; K\u00fcche, Service oder f\u00fcr beide Berufe &#8211;\u00a0<\/strong>f\u00fcr 2026\/2027<\/p>\t\t\t\t\t\t\t\t<\/div>\n\t\t\t\t<\/div>\n\t\t\t\t<\/div>\n\t\t\t\t\t<\/div>\n\t\t\t\t<\/div>\n\t\t<div class=\"elementor-element elementor-element-3da4069 e-flex e-con-boxed e-con e-parent\" data-id=\"3da4069\" data-element_type=\"container\" data-e-type=\"container\">\n\t\t\t\t\t<div class=\"e-con-inner\">\n\t\t<div class=\"elementor-element elementor-element-843903b e-con-full e-flex e-con e-child\" data-id=\"843903b\" data-element_type=\"container\" data-e-type=\"container\" data-settings=\"{&quot;motion_fx_motion_fx_scrolling&quot;:&quot;yes&quot;,&quot;motion_fx_translateY_effect&quot;:&quot;yes&quot;,&quot;motion_fx_translateY_speed&quot;:{&quot;unit&quot;:&quot;px&quot;,&quot;size&quot;:4,&quot;sizes&quot;:[]},&quot;motion_fx_translateY_affectedRange&quot;:{&quot;unit&quot;:&quot;%&quot;,&quot;size&quot;:&quot;&quot;,&quot;sizes&quot;:{&quot;start&quot;:0,&quot;end&quot;:100}},&quot;motion_fx_devices&quot;:[&quot;desktop&quot;,&quot;tablet&quot;,&quot;mobile&quot;]}\">\n\t\t\t\t<div class=\"elementor-element elementor-element-a9908cc elementor-widget elementor-widget-image\" data-id=\"a9908cc\" data-element_type=\"widget\" data-e-type=\"widget\" data-widget_type=\"image.default\">\n\t\t\t\t<div class=\"elementor-widget-container\">\n\t\t\t\t\t\t\t\t\t\t\t\t\t\t\t<img decoding=\"async\" width=\"372\" height=\"547\" src=\"https:\/\/www.landhaus-bacher.at\/wp-content\/uploads\/2026\/01\/bach-3.jpg\" class=\"attachment-large size-large wp-image-1446\" alt=\"screenshot\" srcset=\"https:\/\/www.landhaus-bacher.at\/wp-content\/uploads\/2026\/01\/bach-3.jpg 372w, https:\/\/www.landhaus-bacher.at\/wp-content\/uploads\/2026\/01\/bach-3-204x300.jpg 204w\" sizes=\"(max-width: 372px) 100vw, 372px\" title=\"Karriere\">\t\t\t\t\t\t\t\t\t\t\t\t\t\t\t<\/div>\n\t\t\t\t<\/div>\n\t\t\t\t<\/div>\n\t\t<div class=\"elementor-element elementor-element-f6d033b e-con-full e-flex e-con e-child\" data-id=\"f6d033b\" data-element_type=\"container\" data-e-type=\"container\">\n\t\t\t\t<div class=\"elementor-element elementor-element-41e5533 elementor-widget elementor-widget-heading\" data-id=\"41e5533\" data-element_type=\"widget\" data-e-type=\"widget\" data-widget_type=\"heading.default\">\n\t\t\t\t<div class=\"elementor-widget-container\">\n\t\t\t\t\t<h2 class=\"elementor-heading-title elementor-size-default\">Unser Betrieb<\/h2>\t\t\t\t<\/div>\n\t\t\t\t<\/div>\n\t\t\t\t<div class=\"elementor-element elementor-element-7c37819 elementor-widget elementor-widget-text-editor\" data-id=\"7c37819\" data-element_type=\"widget\" data-e-type=\"widget\" data-widget_type=\"text-editor.default\">\n\t\t\t\t<div class=\"elementor-widget-container\">\n\t\t\t\t\t\t\t\t\t<div class=\"ce-bodytext\"><div id=\"c193\" class=\"grid-container container-fluid textImage textImage--imageText align-self-xl-center anim-imagereveal \"><div class=\"row\"><div class=\"col col2 d-flex col-12 justify-content-center justify-content-sm-center d-md-flex col-md-6\"><div id=\"c191\" class=\"container ce-textmedia-container ce-textmedia-container--headertextbuttonsmedia \"><div class=\"row\"><div class=\"col1 col \"><div class=\"ce-textmedia align-self-lg-start w-xl-60 px-lg-2\"><div class=\"ce-bodytext\"><div class=\"ce-bodytext\"><p class=\"text-center\">Unsere St\u00e4rken sind unser tolles Betriebsklima und die F\u00f6rderung junger Menschen, sie zu motivieren,<\/p><p class=\"text-center\">ihnen einen Weg zu zeigen und das Wichtigste, die Arbeit mit Freude und Enthusiasmus jeden Tag zu leben!<\/p><p class=\"text-center\">\u00a0<\/p><p class=\"text-center\">gem\u00fctliche Mitarbeiterunterkunft <br \/>im Umkreis von 2 min<\/p><p class=\"text-center\">ausgewogenes Mitarbeiteressen, auch auf gesunde Ern\u00e4hrung unserer Mitarbeiter wird geachtet<\/p><p class=\"text-center\">tolle M\u00f6glichkeiten zur Freizeitgestaltung im Umkreis Krems &amp; Wachau<\/p><p class=\"text-center\">\u00a0<\/p><p class=\"text-center\"><strong>Montag &amp; Dienstag &#8211;\u00a0<\/strong>Ruhetag<\/p><p class=\"text-center\"><strong>Mittwoch-Dienstbeginn:<\/strong>\u00a0\u00a0<\/p><p class=\"text-center\">\u00a0\u00a0 f\u00fcr unsere K\u00fcchenmitarbeiter &#8211; 13:00h\u00a0\u00a0\u00a0<\/p><p class=\"text-center\">f\u00fcr unsere Servicemitarbeiter &#8211; 15:00h<\/p><p class=\"text-center\">\u00a0<\/p><p class=\"text-center\">Bewerben Sie sich mit Ihren Bewerbungsunterlagen\u00a0unter\u00a0<a href=\"mailto:info@landhaus-bacher.at\">info@landhaus-bacher.at<\/a>\u00a0zH Frau Dorfer-Bacher<\/p><p class=\"text-center\">um die ausgeschriebenen Stellen<\/p><p class=\"text-center\">Wir freuen uns von Ihnen zu h\u00f6ren!<\/p><p class=\"text-center\">Familie Bacher-Dorfer!<\/p><\/div><\/div><\/div><\/div><\/div><\/div><\/div><\/div><\/div><\/div>\t\t\t\t\t\t\t\t<\/div>\n\t\t\t\t<\/div>\n\t\t\t\t<\/div>\n\t\t\t\t\t<\/div>\n\t\t\t\t<\/div>\n\t\t\t\t<\/div>\n\t\t","protected":false},"excerpt":{"rendered":"<p>Karriere im Landhaus Bacher Unter der Leitung von Sommeli\u00e8re Susanne Dorfer treffen die K\u00fcche von Thomas Dorfer und au\u00dfergew\u00f6hnliche Weine [&hellip;]<\/p>\n","protected":false},"author":1,"featured_media":0,"parent":0,"menu_order":0,"comment_status":"closed","ping_status":"closed","template":"","meta":{"site-sidebar-layout":"no-sidebar","site-content-layout":"","ast-site-content-layout":"full-width-container","site-content-style":"default","site-sidebar-style":"default","ast-global-header-display":"","ast-banner-title-visibility":"","ast-main-header-display":"","ast-hfb-above-header-display":"","ast-hfb-below-header-display":"","ast-hfb-mobile-header-display":"","site-post-title":"disabled","ast-breadcrumbs-content":"","ast-featured-img":"","footer-sml-layout":"","ast-disable-related-posts":"","theme-transparent-header-meta":"","adv-header-id-meta":"","stick-header-meta":"","header-above-stick-meta":"","header-main-stick-meta":"","header-below-stick-meta":"","astra-migrate-meta-layouts":"default","ast-page-background-enabled":"default","ast-page-background-meta":{"desktop":{"background-color":"var(--ast-global-color-4)","background-image":"","background-repeat":"repeat","background-position":"center center","background-size":"auto","background-attachment":"scroll","background-type":"","background-media":"","overlay-type":"","overlay-color":"","overlay-opacity":"","overlay-gradient":""},"tablet":{"background-color":"","background-image":"","background-repeat":"repeat","background-position":"center center","background-size":"auto","background-attachment":"scroll","background-type":"","background-media":"","overlay-type":"","overlay-color":"","overlay-opacity":"","overlay-gradient":""},"mobile":{"background-color":"","background-image":"","background-repeat":"repeat","background-position":"center center","background-size":"auto","background-attachment":"scroll","background-type":"","background-media":"","overlay-type":"","overlay-color":"","overlay-opacity":"","overlay-gradient":""}},"ast-content-background-meta":{"desktop":{"background-color":"var(--ast-global-color-5)","background-image":"","background-repeat":"repeat","background-position":"center center","background-size":"auto","background-attachment":"scroll","background-type":"","background-media":"","overlay-type":"","overlay-color":"","overlay-opacity":"","overlay-gradient":""},"tablet":{"background-color":"var(--ast-global-color-5)","background-image":"","background-repeat":"repeat","background-position":"center center","background-size":"auto","background-attachment":"scroll","background-type":"","background-media":"","overlay-type":"","overlay-color":"","overlay-opacity":"","overlay-gradient":""},"mobile":{"background-color":"var(--ast-global-color-5)","background-image":"","background-repeat":"repeat","background-position":"center center","background-size":"auto","background-attachment":"scroll","background-type":"","background-media":"","overlay-type":"","overlay-color":"","overlay-opacity":"","overlay-gradient":""}},"footnotes":""},"class_list":["post-1548","page","type-page","status-publish","hentry"],"_links":{"self":[{"href":"https:\/\/www.landhaus-bacher.at\/en\/wp-json\/wp\/v2\/pages\/1548","targetHints":{"allow":["GET"]}}],"collection":[{"href":"https:\/\/www.landhaus-bacher.at\/en\/wp-json\/wp\/v2\/pages"}],"about":[{"href":"https:\/\/www.landhaus-bacher.at\/en\/wp-json\/wp\/v2\/types\/page"}],"author":[{"embeddable":true,"href":"https:\/\/www.landhaus-bacher.at\/en\/wp-json\/wp\/v2\/users\/1"}],"replies":[{"embeddable":true,"href":"https:\/\/www.landhaus-bacher.at\/en\/wp-json\/wp\/v2\/comments?post=1548"}],"version-history":[{"count":25,"href":"https:\/\/www.landhaus-bacher.at\/en\/wp-json\/wp\/v2\/pages\/1548\/revisions"}],"predecessor-version":[{"id":2025,"href":"https:\/\/www.landhaus-bacher.at\/en\/wp-json\/wp\/v2\/pages\/1548\/revisions\/2025"}],"wp:attachment":[{"href":"https:\/\/www.landhaus-bacher.at\/en\/wp-json\/wp\/v2\/media?parent=1548"}],"curies":[{"name":"wp","href":"https:\/\/api.w.org\/{rel}","templated":true}]}}