{"id":1531,"date":"2026-01-26T10:26:54","date_gmt":"2026-01-26T09:26:54","guid":{"rendered":"http:\/\/wordpress.p702289.webspaceconfig.de\/?page_id=1531"},"modified":"2026-04-20T10:56:22","modified_gmt":"2026-04-20T08:56:22","slug":"online-shop","status":"publish","type":"page","link":"https:\/\/www.landhaus-bacher.at\/en\/online-shop\/","title":{"rendered":"Online-Shop &#038; Kochkurse"},"content":{"rendered":"\t\t<div data-elementor-type=\"wp-page\" data-elementor-id=\"1531\" class=\"elementor elementor-1531\" data-elementor-post-type=\"page\">\n\t\t\t\t<div class=\"elementor-element elementor-element-2f6ebe0 e-flex e-con-boxed e-con e-parent\" data-id=\"2f6ebe0\" data-element_type=\"container\" data-e-type=\"container\">\n\t\t\t\t\t<div class=\"e-con-inner\">\n\t\t<div class=\"elementor-element elementor-element-ced3100 e-con-full e-flex e-con e-child\" data-id=\"ced3100\" data-element_type=\"container\" data-e-type=\"container\" data-settings=\"{&quot;motion_fx_motion_fx_scrolling&quot;:&quot;yes&quot;,&quot;motion_fx_translateY_effect&quot;:&quot;yes&quot;,&quot;motion_fx_translateY_speed&quot;:{&quot;unit&quot;:&quot;px&quot;,&quot;size&quot;:4,&quot;sizes&quot;:[]},&quot;motion_fx_translateY_affectedRange&quot;:{&quot;unit&quot;:&quot;%&quot;,&quot;size&quot;:&quot;&quot;,&quot;sizes&quot;:{&quot;start&quot;:0,&quot;end&quot;:100}},&quot;motion_fx_devices&quot;:[&quot;desktop&quot;,&quot;tablet&quot;,&quot;mobile&quot;]}\">\n\t\t\t\t<div class=\"elementor-element elementor-element-18177bd elementor-widget elementor-widget-image\" data-id=\"18177bd\" data-element_type=\"widget\" data-e-type=\"widget\" data-widget_type=\"image.default\">\n\t\t\t\t<div class=\"elementor-widget-container\">\n\t\t\t\t\t\t\t\t\t\t\t\t\t\t\t<img fetchpriority=\"high\" decoding=\"async\" width=\"640\" height=\"480\" src=\"https:\/\/www.landhaus-bacher.at\/wp-content\/uploads\/2025\/12\/csm_DSCF1763_74e29ba82d.jpg\" class=\"attachment-large size-large wp-image-1372\" alt=\"csm dscf1763 74e29ba82d\" srcset=\"https:\/\/www.landhaus-bacher.at\/wp-content\/uploads\/2025\/12\/csm_DSCF1763_74e29ba82d.jpg 640w, https:\/\/www.landhaus-bacher.at\/wp-content\/uploads\/2025\/12\/csm_DSCF1763_74e29ba82d-300x225.jpg 300w\" sizes=\"(max-width: 640px) 100vw, 640px\" title=\"Online-Shop &amp; Kochkurse\">\t\t\t\t\t\t\t\t\t\t\t\t\t\t\t<\/div>\n\t\t\t\t<\/div>\n\t\t\t\t<\/div>\n\t\t<div class=\"elementor-element elementor-element-5d0c059 e-con-full e-flex e-con e-child\" data-id=\"5d0c059\" data-element_type=\"container\" data-e-type=\"container\">\n\t\t\t\t<div class=\"elementor-element elementor-element-6106cac elementor-widget elementor-widget-heading\" data-id=\"6106cac\" data-element_type=\"widget\" data-e-type=\"widget\" data-widget_type=\"heading.default\">\n\t\t\t\t<div class=\"elementor-widget-container\">\n\t\t\t\t\t<h2 class=\"elementor-heading-title elementor-size-default\">Landhaus zum Mitnehmen<\/h2>\t\t\t\t<\/div>\n\t\t\t\t<\/div>\n\t\t\t\t<div class=\"elementor-element elementor-element-a4f8e73 elementor-widget elementor-widget-text-editor\" data-id=\"a4f8e73\" data-element_type=\"widget\" data-e-type=\"widget\" data-widget_type=\"text-editor.default\">\n\t\t\t\t<div class=\"elementor-widget-container\">\n\t\t\t\t\t\t\t\t\t<div class=\"ce-bodytext\">\n<p>Wenn Lisl Wagner Bacher nicht Kochb\u00fccher schreibt oder mit den Enkeln unterwegs ist, kocht sie. Im Sommer Marillenmarmeladen, im Herbst Zwetschken, das ganze Jahr \u00fcber k\u00f6stliche Saucen und bei der Arbeit am Herd \u00fcberlebensnotwendige Fonds.&nbsp;<\/p>\n<\/div>\t\t\t\t\t\t\t\t<\/div>\n\t\t\t\t<\/div>\n\t\t\t\t<div class=\"elementor-element elementor-element-dc77317 elementor-widget elementor-widget-button\" data-id=\"dc77317\" data-element_type=\"widget\" data-e-type=\"widget\" data-widget_type=\"button.default\">\n\t\t\t\t<div class=\"elementor-widget-container\">\n\t\t\t\t\t\t\t\t\t<div class=\"elementor-button-wrapper\">\n\t\t\t\t\t<a class=\"elementor-button elementor-button-link elementor-size-sm\" href=\"https:\/\/www.lisls.at\/\" target=\"_blank\">\n\t\t\t\t\t\t<span class=\"elementor-button-content-wrapper\">\n\t\t\t\t\t\t\t\t\t<span class=\"elementor-button-text\">Zum Shop<\/span>\n\t\t\t\t\t<\/span>\n\t\t\t\t\t<\/a>\n\t\t\t\t<\/div>\n\t\t\t\t\t\t\t\t<\/div>\n\t\t\t\t<\/div>\n\t\t\t\t<\/div>\n\t\t\t\t\t<\/div>\n\t\t\t\t<\/div>\n\t\t<div class=\"elementor-element elementor-element-3da4069 e-flex e-con-boxed e-con e-parent\" data-id=\"3da4069\" data-element_type=\"container\" data-e-type=\"container\">\n\t\t\t\t\t<div class=\"e-con-inner\">\n\t\t<div class=\"elementor-element elementor-element-843903b e-con-full e-flex e-con e-child\" data-id=\"843903b\" data-element_type=\"container\" data-e-type=\"container\" data-settings=\"{&quot;motion_fx_motion_fx_scrolling&quot;:&quot;yes&quot;,&quot;motion_fx_translateY_effect&quot;:&quot;yes&quot;,&quot;motion_fx_translateY_speed&quot;:{&quot;unit&quot;:&quot;px&quot;,&quot;size&quot;:4,&quot;sizes&quot;:[]},&quot;motion_fx_translateY_affectedRange&quot;:{&quot;unit&quot;:&quot;%&quot;,&quot;size&quot;:&quot;&quot;,&quot;sizes&quot;:{&quot;start&quot;:0,&quot;end&quot;:100}},&quot;motion_fx_devices&quot;:[&quot;desktop&quot;,&quot;tablet&quot;,&quot;mobile&quot;]}\">\n\t\t\t\t<div class=\"elementor-element elementor-element-a9908cc elementor-widget elementor-widget-image\" data-id=\"a9908cc\" data-element_type=\"widget\" data-e-type=\"widget\" data-widget_type=\"image.default\">\n\t\t\t\t<div class=\"elementor-widget-container\">\n\t\t\t\t\t\t\t\t\t\t\t\t\t\t\t<img decoding=\"async\" width=\"640\" height=\"961\" src=\"https:\/\/www.landhaus-bacher.at\/wp-content\/uploads\/2026\/01\/csm_0V6A3789_743d7ae9db.jpg\" class=\"attachment-large size-large wp-image-1537\" alt=\"csm 0v6a3789 743d7ae9db\" srcset=\"https:\/\/www.landhaus-bacher.at\/wp-content\/uploads\/2026\/01\/csm_0V6A3789_743d7ae9db.jpg 640w, https:\/\/www.landhaus-bacher.at\/wp-content\/uploads\/2026\/01\/csm_0V6A3789_743d7ae9db-200x300.jpg 200w\" sizes=\"(max-width: 640px) 100vw, 640px\" title=\"Online-Shop &amp; Kochkurse\">\t\t\t\t\t\t\t\t\t\t\t\t\t\t\t<\/div>\n\t\t\t\t<\/div>\n\t\t\t\t<\/div>\n\t\t<div class=\"elementor-element elementor-element-f6d033b e-con-full e-flex e-con e-child\" data-id=\"f6d033b\" data-element_type=\"container\" data-e-type=\"container\">\n\t\t\t\t<div class=\"elementor-element elementor-element-41e5533 elementor-widget elementor-widget-heading\" data-id=\"41e5533\" data-element_type=\"widget\" data-e-type=\"widget\" data-widget_type=\"heading.default\">\n\t\t\t\t<div class=\"elementor-widget-container\">\n\t\t\t\t\t<h2 class=\"elementor-heading-title elementor-size-default\">Landhaus Bacher f\u00fcr Zuhause\n<\/h2>\t\t\t\t<\/div>\n\t\t\t\t<\/div>\n\t\t\t\t<div class=\"elementor-element elementor-element-7c37819 elementor-widget elementor-widget-text-editor\" data-id=\"7c37819\" data-element_type=\"widget\" data-e-type=\"widget\" data-widget_type=\"text-editor.default\">\n\t\t\t\t<div class=\"elementor-widget-container\">\n\t\t\t\t\t\t\t\t\t<div class=\"ce-bodytext\"><div id=\"c193\" class=\"grid-container container-fluid textImage textImage--imageText align-self-xl-center anim-imagereveal \"><div class=\"row\"><div class=\"col col2 d-flex col-12 justify-content-center justify-content-sm-center d-md-flex col-md-6\"><div id=\"c191\" class=\"container ce-textmedia-container ce-textmedia-container--headertextbuttonsmedia \"><div class=\"row\"><div class=\"col1 col \"><div class=\"ce-textmedia align-self-lg-start w-xl-60 px-lg-2\"><div class=\"ce-bodytext\"><div class=\"ce-bodytext\"><p>Wenn Lisl Wagner Bacher nicht Kochb\u00fccher schreibt oder mit den Enkeln unterwegs ist, kocht sie. Im Sommer Marillenmarmeladen, im Herbst Zwetschken, das ganze Jahr \u00fcber k\u00f6stliche Saucen und bei der Arbeit am Herd \u00fcberlebensnotwendige Fonds. Diese Ausweise des K\u00f6nnens einer Spitzenk\u00fcche im kulinarischen Alltag kann man erwerben. Im kleinen Shop Lisl Wagner Bachers in der Annagasse im ersten Bezirk Wiens. Und selbstverst\u00e4ndlich auch \u00fcber unseren Online-Shop. Mit dabei: Gew\u00fcrze und nat\u00fcrlich der legend\u00e4re selbstgebrannte Walnusslik\u00f6r.<\/p><\/div><\/div><\/div><\/div><\/div><\/div><\/div><\/div><\/div><\/div>\t\t\t\t\t\t\t\t<\/div>\n\t\t\t\t<\/div>\n\t\t\t\t<div class=\"elementor-element elementor-element-b850260 elementor-widget elementor-widget-button\" data-id=\"b850260\" data-element_type=\"widget\" data-e-type=\"widget\" data-widget_type=\"button.default\">\n\t\t\t\t<div class=\"elementor-widget-container\">\n\t\t\t\t\t\t\t\t\t<div class=\"elementor-button-wrapper\">\n\t\t\t\t\t<a class=\"elementor-button elementor-button-link elementor-size-sm\" href=\"https:\/\/www.lisls.at\/\" target=\"_blank\">\n\t\t\t\t\t\t<span class=\"elementor-button-content-wrapper\">\n\t\t\t\t\t\t\t\t\t<span class=\"elementor-button-text\">Zum Online-Shop<\/span>\n\t\t\t\t\t<\/span>\n\t\t\t\t\t<\/a>\n\t\t\t\t<\/div>\n\t\t\t\t\t\t\t\t<\/div>\n\t\t\t\t<\/div>\n\t\t\t\t<\/div>\n\t\t\t\t\t<\/div>\n\t\t\t\t<\/div>\n\t\t<div class=\"elementor-element elementor-element-ad9b2cb elementor-hidden-tablet elementor-hidden-mobile e-flex e-con-boxed e-con e-parent\" data-id=\"ad9b2cb\" data-element_type=\"container\" data-e-type=\"container\">\n\t\t\t\t\t<div class=\"e-con-inner\">\n\t\t\t\t<div class=\"elementor-element elementor-element-9ba8654 elementor-widget elementor-widget-gallery\" data-id=\"9ba8654\" data-element_type=\"widget\" data-e-type=\"widget\" data-settings=\"{&quot;gallery_layout&quot;:&quot;masonry&quot;,&quot;columns&quot;:3,&quot;lazyload&quot;:&quot;yes&quot;,&quot;columns_tablet&quot;:2,&quot;columns_mobile&quot;:1,&quot;gap&quot;:{&quot;unit&quot;:&quot;px&quot;,&quot;size&quot;:10,&quot;sizes&quot;:[]},&quot;gap_tablet&quot;:{&quot;unit&quot;:&quot;px&quot;,&quot;size&quot;:10,&quot;sizes&quot;:[]},&quot;gap_mobile&quot;:{&quot;unit&quot;:&quot;px&quot;,&quot;size&quot;:10,&quot;sizes&quot;:[]},&quot;overlay_background&quot;:&quot;yes&quot;,&quot;content_hover_animation&quot;:&quot;fade-in&quot;}\" data-widget_type=\"gallery.default\">\n\t\t\t\t<div class=\"elementor-widget-container\">\n\t\t\t\t\t\t\t<div class=\"elementor-gallery__container\">\n\t\t\t\t\t\t\t<div class=\"e-gallery-item elementor-gallery-item elementor-animated-content\">\n\t\t\t\t\t<div class=\"e-gallery-image elementor-gallery-item__image\" data-thumbnail=\"https:\/\/www.landhaus-bacher.at\/wp-content\/uploads\/2026\/01\/kochkurs_1.jpg\" data-width=\"372\" data-height=\"547\" aria-label=\"kochkurs 1\" role=\"img\" ><\/div>\n\t\t\t\t\t\t\t\t\t\t\t<div class=\"elementor-gallery-item__overlay\"><\/div>\n\t\t\t\t\t\t\t\t\t\t\t\t\t\t<\/div>\n\t\t\t\t\t\t\t<div class=\"e-gallery-item elementor-gallery-item elementor-animated-content\">\n\t\t\t\t\t<div class=\"e-gallery-image elementor-gallery-item__image\" data-thumbnail=\"https:\/\/www.landhaus-bacher.at\/wp-content\/uploads\/2026\/01\/kochkurs_3.jpg\" data-width=\"372\" data-height=\"547\" aria-label=\"kochkurs 3\" role=\"img\" ><\/div>\n\t\t\t\t\t\t\t\t\t\t\t<div class=\"elementor-gallery-item__overlay\"><\/div>\n\t\t\t\t\t\t\t\t\t\t\t\t\t\t<\/div>\n\t\t\t\t\t\t\t<div class=\"e-gallery-item elementor-gallery-item elementor-animated-content\">\n\t\t\t\t\t<div class=\"e-gallery-image elementor-gallery-item__image\" data-thumbnail=\"https:\/\/www.landhaus-bacher.at\/wp-content\/uploads\/2026\/01\/kochkurs_3-1.jpg\" data-width=\"372\" data-height=\"547\" aria-label=\"kochkurs 3\" role=\"img\" ><\/div>\n\t\t\t\t\t\t\t\t\t\t\t<div class=\"elementor-gallery-item__overlay\"><\/div>\n\t\t\t\t\t\t\t\t\t\t\t\t\t\t<\/div>\n\t\t\t\t\t<\/div>\n\t\t\t\t\t<\/div>\n\t\t\t\t<\/div>\n\t\t\t\t\t<\/div>\n\t\t\t\t<\/div>\n\t\t<div class=\"elementor-element elementor-element-6cb8144 e-flex e-con-boxed e-con e-parent\" data-id=\"6cb8144\" data-element_type=\"container\" data-e-type=\"container\">\n\t\t\t\t\t<div class=\"e-con-inner\">\n\t\t<div class=\"elementor-element elementor-element-2959c51 e-con-full e-flex e-con e-child\" data-id=\"2959c51\" data-element_type=\"container\" data-e-type=\"container\" data-settings=\"{&quot;motion_fx_motion_fx_scrolling&quot;:&quot;yes&quot;,&quot;motion_fx_translateY_effect&quot;:&quot;yes&quot;,&quot;motion_fx_translateY_speed&quot;:{&quot;unit&quot;:&quot;px&quot;,&quot;size&quot;:4,&quot;sizes&quot;:[]},&quot;motion_fx_translateY_affectedRange&quot;:{&quot;unit&quot;:&quot;%&quot;,&quot;size&quot;:&quot;&quot;,&quot;sizes&quot;:{&quot;start&quot;:0,&quot;end&quot;:100}},&quot;motion_fx_devices&quot;:[&quot;desktop&quot;,&quot;tablet&quot;,&quot;mobile&quot;]}\">\n\t\t\t\t<div class=\"elementor-element elementor-element-be2a85f elementor-widget elementor-widget-image\" data-id=\"be2a85f\" data-element_type=\"widget\" data-e-type=\"widget\" data-widget_type=\"image.default\">\n\t\t\t\t<div class=\"elementor-widget-container\">\n\t\t\t\t\t\t\t\t\t\t\t\t\t\t\t<img decoding=\"async\" width=\"372\" height=\"547\" src=\"https:\/\/www.landhaus-bacher.at\/wp-content\/uploads\/2026\/01\/kueche_4.jpg\" class=\"attachment-large size-large wp-image-1494\" alt=\"screenshot\" srcset=\"https:\/\/www.landhaus-bacher.at\/wp-content\/uploads\/2026\/01\/kueche_4.jpg 372w, https:\/\/www.landhaus-bacher.at\/wp-content\/uploads\/2026\/01\/kueche_4-204x300.jpg 204w\" sizes=\"(max-width: 372px) 100vw, 372px\" title=\"Online-Shop &amp; Kochkurse\">\t\t\t\t\t\t\t\t\t\t\t\t\t\t\t<\/div>\n\t\t\t\t<\/div>\n\t\t\t\t<div class=\"elementor-element elementor-element-ea6de52 elementor-tablet-align-center elementor-widget elementor-widget-button\" data-id=\"ea6de52\" data-element_type=\"widget\" data-e-type=\"widget\" data-widget_type=\"button.default\">\n\t\t\t\t<div class=\"elementor-widget-container\">\n\t\t\t\t\t\t\t\t\t<div class=\"elementor-button-wrapper\">\n\t\t\t\t\t<a class=\"elementor-button elementor-button-link elementor-size-sm\" href=\"mailto:info@landhaus-bacher.at\">\n\t\t\t\t\t\t<span class=\"elementor-button-content-wrapper\">\n\t\t\t\t\t\t\t\t\t<span class=\"elementor-button-text\">Jetzt Anmelden!<\/span>\n\t\t\t\t\t<\/span>\n\t\t\t\t\t<\/a>\n\t\t\t\t<\/div>\n\t\t\t\t\t\t\t\t<\/div>\n\t\t\t\t<\/div>\n\t\t\t\t<div class=\"elementor-element elementor-element-4554fa1 elementor-widget elementor-widget-text-editor\" data-id=\"4554fa1\" data-element_type=\"widget\" data-e-type=\"widget\" data-widget_type=\"text-editor.default\">\n\t\t\t\t<div class=\"elementor-widget-container\">\n\t\t\t\t\t\t\t\t\t<p>Unsere Kochkurse finden in Gruppen ab 4 Personen und f\u00fcr\u00a0<strong>maximal 6 Personen und ausschliesslich auf Deutsch\u00a0<\/strong>statt.<\/p><p><strong>Die Termine f\u00fcr Fr\u00fchling\/Sommer:<\/strong><\/p><ul><li>2.April 2026 &#8211; Donnerstag &#8211;<strong>\u00a0ausgebucht<\/strong><\/li><li>16.April 2026 &#8211; Donnerstag &#8211;\u00a0<strong>\u00a0ausgebucht<\/strong><\/li><li>7.Mai 2026 &#8211; Donnerstag &#8211;<strong>\u00a0ausgebucht<\/strong><\/li><li>11.Juni 2026 &#8211; Donnerstag &#8211;\u00a0<strong>1 Platz frei\u00a0<\/strong><\/li><\/ul>\t\t\t\t\t\t\t\t<\/div>\n\t\t\t\t<\/div>\n\t\t\t\t<div class=\"elementor-element elementor-element-02ef086 elementor-tablet-align-center elementor-widget elementor-widget-button\" data-id=\"02ef086\" data-element_type=\"widget\" data-e-type=\"widget\" data-widget_type=\"button.default\">\n\t\t\t\t<div class=\"elementor-widget-container\">\n\t\t\t\t\t\t\t\t\t<div class=\"elementor-button-wrapper\">\n\t\t\t\t\t<a class=\"elementor-button elementor-button-link elementor-size-sm\" href=\"https:\/\/www.lisls.at\/produkt\/landhaus-bacher-1-tages-kochkurs\/\" target=\"_blank\">\n\t\t\t\t\t\t<span class=\"elementor-button-content-wrapper\">\n\t\t\t\t\t\t\t\t\t<span class=\"elementor-button-text\">Kochkurs-Gutschein<\/span>\n\t\t\t\t\t<\/span>\n\t\t\t\t\t<\/a>\n\t\t\t\t<\/div>\n\t\t\t\t\t\t\t\t<\/div>\n\t\t\t\t<\/div>\n\t\t\t\t<\/div>\n\t\t<div class=\"elementor-element elementor-element-420fe79 e-con-full e-flex e-con e-child\" data-id=\"420fe79\" data-element_type=\"container\" data-e-type=\"container\">\n\t\t\t\t<div class=\"elementor-element elementor-element-c4d5666 elementor-widget elementor-widget-heading\" data-id=\"c4d5666\" data-element_type=\"widget\" data-e-type=\"widget\" data-widget_type=\"heading.default\">\n\t\t\t\t<div class=\"elementor-widget-container\">\n\t\t\t\t\t<h2 class=\"elementor-heading-title elementor-size-default\">Kochkurse<\/h2>\t\t\t\t<\/div>\n\t\t\t\t<\/div>\n\t\t\t\t<div class=\"elementor-element elementor-element-b498106 elementor-widget elementor-widget-text-editor\" data-id=\"b498106\" data-element_type=\"widget\" data-e-type=\"widget\" data-widget_type=\"text-editor.default\">\n\t\t\t\t<div class=\"elementor-widget-container\">\n\t\t\t\t\t\t\t\t\t<div class=\"ce-bodytext\"><div id=\"c193\" class=\"grid-container container-fluid textImage textImage--imageText align-self-xl-center anim-imagereveal \"><div class=\"row\"><div class=\"col col2 d-flex col-12 justify-content-center justify-content-sm-center d-md-flex col-md-6\"><div id=\"c191\" class=\"container ce-textmedia-container ce-textmedia-container--headertextbuttonsmedia \"><div class=\"row\"><div class=\"col1 col \"><div class=\"ce-textmedia align-self-lg-start w-xl-60 px-lg-2\"><div class=\"ce-bodytext\"><div class=\"col col1 d-flex col-12 order-2 justify-content-center order-sm-1 justify-content-sm-center d-md-flex col-md-6\"><div id=\"c194\" class=\"container ce-textmedia-container ce-textmedia-container--headertextbuttonsmedia \"><div class=\"row\"><div class=\"col1 col \"><div class=\"ce-textmedia align-self-lg-start w-xl-60 align-self-xl-start px-lg-2\"><div class=\"ce-bodytext\"><p>So gut kocht kaum jemand, dass er oder sie bei einem Kochkurs mit Lisl Wagner Bacher und Thomas Dorfer nicht noch ein paar Tricks und Kniffe dazu lernen k\u00f6nnte. Auch der frischeste Laie am Herd profitiert von der langen Erfahrung Lisls als Fernsehk\u00f6chin und Kochbuchautorin. Es gibt niemand, der behaupten k\u00f6nnte, Thomas\u2018 Wissen der kontempor\u00e4ren Kochtechniken nichts Neues abgewinnen zu k\u00f6nnen. Das Motto lautet: Gutes einfach erkl\u00e4rt. Die Themen saisonales Gem\u00fcse, Fisch und nat\u00fcrlich alles \u00fcber Saucen und Suppen stehen dabei immer wieder im Mittelpunkt. Unsere Kochkurse k\u00f6nnen auch f\u00fcr Gruppen gebucht werden. Gemeinsam kochen verbindet, mehr als ein Survival Camp oder ein Canyoning Kurs.<\/p><p>Nach einer netten Begr\u00fc\u00dfung und einem kurzer Talk \u00fcber unsere Philisophie, Leidenschaft und den geplanten Tagesablauf, werden sie &#8222;Teil&#8220; unserer gro\u00dfartigen Mannschaft. Wir f\u00fchren sie von Posten zu Posten und bereiten sie auf ein gem\u00fctliches 3g\u00e4ngiges Mittagessen vor. Nach einer kurzen Pause geht es am Nachmittag mit intensiver Gem\u00fcsek\u00fcche und weiteren hilfreichen Tipps f\u00fcr zu Hause und den einzelnen Schritten f\u00fcr das Abndemen\u00fc weiter. Abschluss eines erfolgreichen Tages in unserer K\u00fcche ist ein gediegenes 5g\u00e4ngiges Abendmen\u00fc mit Weinbegleitung.<\/p><p>\u00a0<\/p><p>\u00a0<\/p><\/div><\/div><\/div><\/div><\/div><\/div><\/div><\/div><\/div><\/div><\/div><\/div><\/div><\/div><\/div>\t\t\t\t\t\t\t\t<\/div>\n\t\t\t\t<\/div>\n\t\t\t\t<\/div>\n\t\t\t\t\t<\/div>\n\t\t\t\t<\/div>\n\t\t\t\t<\/div>\n\t\t","protected":false},"excerpt":{"rendered":"<p>Landhaus zum Mitnehmen Wenn Lisl Wagner Bacher nicht Kochb\u00fccher schreibt oder mit den Enkeln unterwegs ist, kocht sie. Im Sommer [&hellip;]<\/p>\n","protected":false},"author":1,"featured_media":0,"parent":0,"menu_order":0,"comment_status":"closed","ping_status":"closed","template":"","meta":{"site-sidebar-layout":"no-sidebar","site-content-layout":"","ast-site-content-layout":"full-width-container","site-content-style":"default","site-sidebar-style":"default","ast-global-header-display":"","ast-banner-title-visibility":"","ast-main-header-display":"","ast-hfb-above-header-display":"","ast-hfb-below-header-display":"","ast-hfb-mobile-header-display":"","site-post-title":"disabled","ast-breadcrumbs-content":"","ast-featured-img":"","footer-sml-layout":"","ast-disable-related-posts":"","theme-transparent-header-meta":"","adv-header-id-meta":"","stick-header-meta":"","header-above-stick-meta":"","header-main-stick-meta":"","header-below-stick-meta":"","astra-migrate-meta-layouts":"default","ast-page-background-enabled":"default","ast-page-background-meta":{"desktop":{"background-color":"var(--ast-global-color-4)","background-image":"","background-repeat":"repeat","background-position":"center center","background-size":"auto","background-attachment":"scroll","background-type":"","background-media":"","overlay-type":"","overlay-color":"","overlay-opacity":"","overlay-gradient":""},"tablet":{"background-color":"","background-image":"","background-repeat":"repeat","background-position":"center center","background-size":"auto","background-attachment":"scroll","background-type":"","background-media":"","overlay-type":"","overlay-color":"","overlay-opacity":"","overlay-gradient":""},"mobile":{"background-color":"","background-image":"","background-repeat":"repeat","background-position":"center center","background-size":"auto","background-attachment":"scroll","background-type":"","background-media":"","overlay-type":"","overlay-color":"","overlay-opacity":"","overlay-gradient":""}},"ast-content-background-meta":{"desktop":{"background-color":"var(--ast-global-color-5)","background-image":"","background-repeat":"repeat","background-position":"center center","background-size":"auto","background-attachment":"scroll","background-type":"","background-media":"","overlay-type":"","overlay-color":"","overlay-opacity":"","overlay-gradient":""},"tablet":{"background-color":"var(--ast-global-color-5)","background-image":"","background-repeat":"repeat","background-position":"center center","background-size":"auto","background-attachment":"scroll","background-type":"","background-media":"","overlay-type":"","overlay-color":"","overlay-opacity":"","overlay-gradient":""},"mobile":{"background-color":"var(--ast-global-color-5)","background-image":"","background-repeat":"repeat","background-position":"center center","background-size":"auto","background-attachment":"scroll","background-type":"","background-media":"","overlay-type":"","overlay-color":"","overlay-opacity":"","overlay-gradient":""}},"footnotes":""},"class_list":["post-1531","page","type-page","status-publish","hentry"],"_links":{"self":[{"href":"https:\/\/www.landhaus-bacher.at\/en\/wp-json\/wp\/v2\/pages\/1531","targetHints":{"allow":["GET"]}}],"collection":[{"href":"https:\/\/www.landhaus-bacher.at\/en\/wp-json\/wp\/v2\/pages"}],"about":[{"href":"https:\/\/www.landhaus-bacher.at\/en\/wp-json\/wp\/v2\/types\/page"}],"author":[{"embeddable":true,"href":"https:\/\/www.landhaus-bacher.at\/en\/wp-json\/wp\/v2\/users\/1"}],"replies":[{"embeddable":true,"href":"https:\/\/www.landhaus-bacher.at\/en\/wp-json\/wp\/v2\/comments?post=1531"}],"version-history":[{"count":32,"href":"https:\/\/www.landhaus-bacher.at\/en\/wp-json\/wp\/v2\/pages\/1531\/revisions"}],"predecessor-version":[{"id":2028,"href":"https:\/\/www.landhaus-bacher.at\/en\/wp-json\/wp\/v2\/pages\/1531\/revisions\/2028"}],"wp:attachment":[{"href":"https:\/\/www.landhaus-bacher.at\/en\/wp-json\/wp\/v2\/media?parent=1531"}],"curies":[{"name":"wp","href":"https:\/\/api.w.org\/{rel}","templated":true}]}}