{"id":1287,"date":"2025-12-09T08:20:23","date_gmt":"2025-12-09T07:20:23","guid":{"rendered":"https:\/\/wordpress.p702289.webspaceconfig.de\/home\/"},"modified":"2026-04-20T11:11:47","modified_gmt":"2026-04-20T09:11:47","slug":"das-landhaus","status":"publish","type":"page","link":"https:\/\/www.landhaus-bacher.at\/en\/das-landhaus\/","title":{"rendered":"Landhaus Bacher"},"content":{"rendered":"\t\t<div data-elementor-type=\"wp-page\" data-elementor-id=\"1287\" class=\"elementor elementor-1287\" data-elementor-post-type=\"page\">\n\t\t\t\t<div class=\"elementor-element elementor-element-2f6ebe0 e-flex e-con-boxed e-con e-parent\" data-id=\"2f6ebe0\" data-element_type=\"container\" data-e-type=\"container\">\n\t\t\t\t\t<div class=\"e-con-inner\">\n\t\t<div class=\"elementor-element elementor-element-ced3100 e-con-full e-flex e-con e-child\" data-id=\"ced3100\" data-element_type=\"container\" data-e-type=\"container\" data-settings=\"{&quot;motion_fx_motion_fx_scrolling&quot;:&quot;yes&quot;,&quot;motion_fx_translateY_effect&quot;:&quot;yes&quot;,&quot;motion_fx_translateY_speed&quot;:{&quot;unit&quot;:&quot;px&quot;,&quot;size&quot;:4,&quot;sizes&quot;:[]},&quot;motion_fx_translateY_affectedRange&quot;:{&quot;unit&quot;:&quot;%&quot;,&quot;size&quot;:&quot;&quot;,&quot;sizes&quot;:{&quot;start&quot;:0,&quot;end&quot;:100}},&quot;motion_fx_devices&quot;:[&quot;desktop&quot;,&quot;tablet&quot;,&quot;mobile&quot;]}\">\n\t\t\t\t<div class=\"elementor-element elementor-element-18177bd elementor-widget elementor-widget-image\" data-id=\"18177bd\" data-element_type=\"widget\" data-e-type=\"widget\" data-widget_type=\"image.default\">\n\t\t\t\t<div class=\"elementor-widget-container\">\n\t\t\t\t\t\t\t\t\t\t\t\t\t\t\t<img fetchpriority=\"high\" decoding=\"async\" width=\"640\" height=\"427\" src=\"https:\/\/www.landhaus-bacher.at\/wp-content\/uploads\/2025\/12\/csm_druck_wachau_0923-6794_b59cc71dc0.jpg\" class=\"attachment-large size-large wp-image-1335\" alt=\"csm druck wachau 0923 6794 b59cc71dc0\" srcset=\"https:\/\/www.landhaus-bacher.at\/wp-content\/uploads\/2025\/12\/csm_druck_wachau_0923-6794_b59cc71dc0.jpg 640w, https:\/\/www.landhaus-bacher.at\/wp-content\/uploads\/2025\/12\/csm_druck_wachau_0923-6794_b59cc71dc0-300x200.jpg 300w\" sizes=\"(max-width: 640px) 100vw, 640px\" title=\"Landhaus Bacher\">\t\t\t\t\t\t\t\t\t\t\t\t\t\t\t<\/div>\n\t\t\t\t<\/div>\n\t\t\t\t<\/div>\n\t\t<div class=\"elementor-element elementor-element-5d0c059 e-con-full e-flex e-con e-child\" data-id=\"5d0c059\" data-element_type=\"container\" data-e-type=\"container\">\n\t\t\t\t<div class=\"elementor-element elementor-element-6106cac elementor-widget elementor-widget-heading\" data-id=\"6106cac\" data-element_type=\"widget\" data-e-type=\"widget\" data-widget_type=\"heading.default\">\n\t\t\t\t<div class=\"elementor-widget-container\">\n\t\t\t\t\t<h2 class=\"elementor-heading-title elementor-size-default\">Herzlich Willkommen im Landhaus Bacher<\/h2>\t\t\t\t<\/div>\n\t\t\t\t<\/div>\n\t\t\t\t<div class=\"elementor-element elementor-element-a4f8e73 elementor-widget elementor-widget-text-editor\" data-id=\"a4f8e73\" data-element_type=\"widget\" data-e-type=\"widget\" data-widget_type=\"text-editor.default\">\n\t\t\t\t<div class=\"elementor-widget-container\">\n\t\t\t\t\t\t\t\t\t<div class=\"ce-bodytext\">\n<p>Das Landhaus Bacher geh\u00f6rt zu den traditionsreichsten und besten Restaurants \u00d6sterreichs. Das sagen nicht wir, sondern G\u00e4ste und Kritiker.&nbsp;<\/p>\n<\/div>\t\t\t\t\t\t\t\t<\/div>\n\t\t\t\t<\/div>\n\t\t\t\t<\/div>\n\t\t\t\t\t<\/div>\n\t\t\t\t<\/div>\n\t\t<div class=\"elementor-element elementor-element-4d67c23 e-flex e-con-boxed e-con e-parent\" data-id=\"4d67c23\" data-element_type=\"container\" data-e-type=\"container\">\n\t\t\t\t\t<div class=\"e-con-inner\">\n\t\t\t\t<div class=\"elementor-element elementor-element-8797a46 elementor-widget elementor-widget-image\" data-id=\"8797a46\" data-element_type=\"widget\" data-e-type=\"widget\" data-widget_type=\"image.default\">\n\t\t\t\t<div class=\"elementor-widget-container\">\n\t\t\t\t\t\t\t\t\t\t\t\t\t\t\t<img decoding=\"async\" width=\"1024\" height=\"607\" src=\"https:\/\/www.landhaus-bacher.at\/wp-content\/uploads\/2026\/01\/Geschichte-1024x607.jpg\" class=\"attachment-large size-large wp-image-1475\" alt=\"geschichte\" srcset=\"https:\/\/www.landhaus-bacher.at\/wp-content\/uploads\/2026\/01\/Geschichte-1024x607.jpg 1024w, https:\/\/www.landhaus-bacher.at\/wp-content\/uploads\/2026\/01\/Geschichte-300x178.jpg 300w, https:\/\/www.landhaus-bacher.at\/wp-content\/uploads\/2026\/01\/Geschichte-768x455.jpg 768w, https:\/\/www.landhaus-bacher.at\/wp-content\/uploads\/2026\/01\/Geschichte.jpg 1241w\" sizes=\"(max-width: 1024px) 100vw, 1024px\" title=\"Landhaus Bacher\">\t\t\t\t\t\t\t\t\t\t\t\t\t\t\t<\/div>\n\t\t\t\t<\/div>\n\t\t\t\t<div class=\"elementor-element elementor-element-b08dd7c elementor-widget elementor-widget-heading\" data-id=\"b08dd7c\" data-element_type=\"widget\" data-e-type=\"widget\" data-widget_type=\"heading.default\">\n\t\t\t\t<div class=\"elementor-widget-container\">\n\t\t\t\t\t<h2 class=\"elementor-heading-title elementor-size-default\">Die Story<\/h2>\t\t\t\t<\/div>\n\t\t\t\t<\/div>\n\t\t\t\t<div class=\"elementor-element elementor-element-a4f7d49 elementor-widget elementor-widget-text-editor\" data-id=\"a4f7d49\" data-element_type=\"widget\" data-e-type=\"widget\" data-widget_type=\"text-editor.default\">\n\t\t\t\t<div class=\"elementor-widget-container\">\n\t\t\t\t\t\t\t\t\t<p data-start=\"133\" data-end=\"666\">Das Landhaus Bacher ist ein Restaurant mit Geschichte \u2013 und ein Spiegel der \u00f6sterreichischen Gastronomie. Lisl Wagners Vater war der ber\u00fchmte \u201eblinde Wirt von Mautern\u201c, dessen K\u00fcche damals noch klassisch gepr\u00e4gt war. Erst als die junge Lisl Anfang der 1980er-Jahre die Leitung \u00fcbernahm, zog kulinarische Innovation ein: Mit Gerichten wie roher G\u00e4nseleber mit Himbeeressig oder Hummersuppe sorgte sie f\u00fcr Aufsehen und lockte Feinschmecker aus Wien nach Mautern. Wenige Jahre sp\u00e4ter z\u00e4hlte das Bacher zu den besten Adressen des Landes.<\/p><p data-start=\"668\" data-end=\"1384\">Lisl Wagner Bacher, von ihren Fans \u201eLWB\u201c genannt, wurde vom Gault Millau als \u201eKoch des Jahres\u201c ausgezeichnet. Klaus Wagner machte den Weinkeller mit gro\u00dfen Weinen aus Bordeaux und der Wachau zu einem der renommiertesten \u00d6sterreichs, die Verkostungen waren legend\u00e4r. Das Haus war stets ein Familienbetrieb, zu dem auch langj\u00e4hrige Mitarbeiter wie Ma\u00eetre Johanna Stiefelbauer geh\u00f6ren. Mit Tochter Susanne und ihrem Mann Thomas Dorfer, der 2005 beim Bocuse d\u2019Or den bis heute besten Platz f\u00fcr \u00d6sterreich erreichte, ging die Erfolgsgeschichte in die n\u00e4chste Generation \u00fcber. Heute ist das Landhaus Bacher ein Traditionshaus, Mitbegr\u00fcnder des \u00f6sterreichischen K\u00fcchenwunders und eines der f\u00fchrenden Restaurants des Landes.<\/p>\t\t\t\t\t\t\t\t<\/div>\n\t\t\t\t<\/div>\n\t\t\t\t\t<\/div>\n\t\t\t\t<\/div>\n\t\t<div class=\"elementor-element elementor-element-283795e e-flex e-con-boxed e-con e-parent\" data-id=\"283795e\" data-element_type=\"container\" data-e-type=\"container\" data-settings=\"{&quot;motion_fx_motion_fx_scrolling&quot;:&quot;yes&quot;,&quot;motion_fx_translateY_effect&quot;:&quot;yes&quot;,&quot;motion_fx_translateY_speed&quot;:{&quot;unit&quot;:&quot;px&quot;,&quot;size&quot;:7.6,&quot;sizes&quot;:[]},&quot;motion_fx_translateY_affectedRange&quot;:{&quot;unit&quot;:&quot;%&quot;,&quot;size&quot;:&quot;&quot;,&quot;sizes&quot;:{&quot;start&quot;:0,&quot;end&quot;:100}},&quot;motion_fx_devices&quot;:[&quot;desktop&quot;,&quot;tablet&quot;,&quot;mobile&quot;]}\">\n\t\t\t\t\t<div class=\"e-con-inner\">\n\t\t<div class=\"elementor-element elementor-element-adf8c5a e-con-full e-flex e-con e-child\" data-id=\"adf8c5a\" data-element_type=\"container\" data-e-type=\"container\" data-settings=\"{&quot;motion_fx_motion_fx_scrolling&quot;:&quot;yes&quot;,&quot;motion_fx_translateY_effect&quot;:&quot;yes&quot;,&quot;motion_fx_translateY_speed&quot;:{&quot;unit&quot;:&quot;px&quot;,&quot;size&quot;:4,&quot;sizes&quot;:[]},&quot;motion_fx_translateY_affectedRange&quot;:{&quot;unit&quot;:&quot;%&quot;,&quot;size&quot;:&quot;&quot;,&quot;sizes&quot;:{&quot;start&quot;:0,&quot;end&quot;:100}},&quot;motion_fx_devices&quot;:[&quot;desktop&quot;,&quot;tablet&quot;,&quot;mobile&quot;]}\">\n\t\t\t\t<div class=\"elementor-element elementor-element-e69714c elementor-widget elementor-widget-image\" data-id=\"e69714c\" data-element_type=\"widget\" data-e-type=\"widget\" data-widget_type=\"image.default\">\n\t\t\t\t<div class=\"elementor-widget-container\">\n\t\t\t\t\t\t\t\t\t\t\t\t\t\t\t<img decoding=\"async\" width=\"640\" height=\"481\" src=\"https:\/\/www.landhaus-bacher.at\/wp-content\/uploads\/2025\/12\/csm_0V6A3789_a8a4262b12.jpg\" class=\"attachment-large size-large wp-image-1342\" alt=\"csm 0v6a3789 a8a4262b12\" srcset=\"https:\/\/www.landhaus-bacher.at\/wp-content\/uploads\/2025\/12\/csm_0V6A3789_a8a4262b12.jpg 640w, https:\/\/www.landhaus-bacher.at\/wp-content\/uploads\/2025\/12\/csm_0V6A3789_a8a4262b12-300x225.jpg 300w\" sizes=\"(max-width: 640px) 100vw, 640px\" title=\"Landhaus Bacher\">\t\t\t\t\t\t\t\t\t\t\t\t\t\t\t<\/div>\n\t\t\t\t<\/div>\n\t\t\t\t<\/div>\n\t\t<div class=\"elementor-element elementor-element-18cfb8a e-con-full e-flex e-con e-child\" data-id=\"18cfb8a\" data-element_type=\"container\" data-e-type=\"container\">\n\t\t\t\t<div class=\"elementor-element elementor-element-a309bcb elementor-widget elementor-widget-heading\" data-id=\"a309bcb\" data-element_type=\"widget\" data-e-type=\"widget\" data-widget_type=\"heading.default\">\n\t\t\t\t<div class=\"elementor-widget-container\">\n\t\t\t\t\t<h2 class=\"elementor-heading-title elementor-size-default\">Die Familie \n&amp; das Team\n<\/h2>\t\t\t\t<\/div>\n\t\t\t\t<\/div>\n\t\t\t\t<div class=\"elementor-element elementor-element-8469f87 elementor-widget elementor-widget-text-editor\" data-id=\"8469f87\" data-element_type=\"widget\" data-e-type=\"widget\" data-widget_type=\"text-editor.default\">\n\t\t\t\t<div class=\"elementor-widget-container\">\n\t\t\t\t\t\t\t\t\t<div class=\"ce-bodytext\"><div class=\"ce-bodytext\"><p>Susanne Dorfer leitet das Restaurant und ist Sommeli\u00e8re der jungen Generation. Sie sucht die Weine aus, die zur K\u00fcche Ihres Mannes Thomas passen. Die Wachau kennt sie wie ihre Westentasche. Der Blick \u00fcber den Gl\u00e4serrand f\u00fchrte sie zu den besten Winzern des Burgund, in Bordeaux, in Deutschland und Italien. Unterst\u00fctzt wird sie von ihrer Schwester Christina Kopriva &#8211; Wagner. Die sich auch mit detailverliebtem Blick und gestalterischem Fingerspitzengef\u00fchl um die Dekoration im Landhaus Bacher k\u00fcmmert.<\/p><\/div><\/div>\t\t\t\t\t\t\t\t<\/div>\n\t\t\t\t<\/div>\n\t\t\t\t<\/div>\n\t\t\t\t\t<\/div>\n\t\t\t\t<\/div>\n\t\t<div class=\"elementor-element elementor-element-ab657dd e-flex e-con-boxed e-con e-parent\" data-id=\"ab657dd\" data-element_type=\"container\" data-e-type=\"container\" data-settings=\"{&quot;motion_fx_motion_fx_scrolling&quot;:&quot;yes&quot;,&quot;motion_fx_translateY_effect&quot;:&quot;yes&quot;,&quot;motion_fx_translateY_speed&quot;:{&quot;unit&quot;:&quot;px&quot;,&quot;size&quot;:7.7,&quot;sizes&quot;:[]},&quot;motion_fx_translateY_affectedRange&quot;:{&quot;unit&quot;:&quot;%&quot;,&quot;size&quot;:&quot;&quot;,&quot;sizes&quot;:{&quot;start&quot;:0,&quot;end&quot;:100}},&quot;motion_fx_devices&quot;:[&quot;desktop&quot;,&quot;tablet&quot;,&quot;mobile&quot;]}\">\n\t\t\t\t\t<div class=\"e-con-inner\">\n\t\t<div class=\"elementor-element elementor-element-b69daa4 e-con-full e-flex e-con e-child\" data-id=\"b69daa4\" data-element_type=\"container\" data-e-type=\"container\">\n\t\t\t\t<div class=\"elementor-element elementor-element-cc83b9a elementor-widget elementor-widget-image\" data-id=\"cc83b9a\" data-element_type=\"widget\" data-e-type=\"widget\" data-settings=\"{&quot;motion_fx_motion_fx_scrolling&quot;:&quot;yes&quot;,&quot;motion_fx_translateY_effect&quot;:&quot;yes&quot;,&quot;motion_fx_translateY_speed&quot;:{&quot;unit&quot;:&quot;px&quot;,&quot;size&quot;:4,&quot;sizes&quot;:[]},&quot;motion_fx_translateY_affectedRange&quot;:{&quot;unit&quot;:&quot;%&quot;,&quot;size&quot;:&quot;&quot;,&quot;sizes&quot;:{&quot;start&quot;:0,&quot;end&quot;:100}},&quot;motion_fx_devices&quot;:[&quot;desktop&quot;,&quot;tablet&quot;,&quot;mobile&quot;]}\" data-widget_type=\"image.default\">\n\t\t\t\t<div class=\"elementor-widget-container\">\n\t\t\t\t\t\t\t\t\t\t\t\t\t\t\t<img loading=\"lazy\" decoding=\"async\" width=\"1024\" height=\"737\" src=\"https:\/\/www.landhaus-bacher.at\/wp-content\/uploads\/2026\/02\/thomas_1-1024x737.jpg\" class=\"attachment-large size-large wp-image-1672\" alt=\"thomas 1\" srcset=\"https:\/\/www.landhaus-bacher.at\/wp-content\/uploads\/2026\/02\/thomas_1-1024x737.jpg 1024w, https:\/\/www.landhaus-bacher.at\/wp-content\/uploads\/2026\/02\/thomas_1-300x216.jpg 300w, https:\/\/www.landhaus-bacher.at\/wp-content\/uploads\/2026\/02\/thomas_1-768x553.jpg 768w, https:\/\/www.landhaus-bacher.at\/wp-content\/uploads\/2026\/02\/thomas_1.jpg 1269w\" sizes=\"(max-width: 1024px) 100vw, 1024px\" title=\"Landhaus Bacher\">\t\t\t\t\t\t\t\t\t\t\t\t\t\t\t<\/div>\n\t\t\t\t<\/div>\n\t\t\t\t<\/div>\n\t\t<div class=\"elementor-element elementor-element-54d9a45 e-con-full e-flex e-con e-child\" data-id=\"54d9a45\" data-element_type=\"container\" data-e-type=\"container\">\n\t\t\t\t<div class=\"elementor-element elementor-element-e51a3ef elementor-widget elementor-widget-heading\" data-id=\"e51a3ef\" data-element_type=\"widget\" data-e-type=\"widget\" data-widget_type=\"heading.default\">\n\t\t\t\t<div class=\"elementor-widget-container\">\n\t\t\t\t\t<h2 class=\"elementor-heading-title elementor-size-default\">Die K\u00fcche\n<\/h2>\t\t\t\t<\/div>\n\t\t\t\t<\/div>\n\t\t\t\t<div class=\"elementor-element elementor-element-4c2d7ff elementor-widget elementor-widget-text-editor\" data-id=\"4c2d7ff\" data-element_type=\"widget\" data-e-type=\"widget\" data-widget_type=\"text-editor.default\">\n\t\t\t\t<div class=\"elementor-widget-container\">\n\t\t\t\t\t\t\t\t\t<div class=\"ce-bodytext\"><div class=\"ce-bodytext\"><div class=\"ce-bodytext\"><p style=\"font-weight: 400;\">Executive Sous Chef Manuel Hammerl, Junior Sous Paul Kadlicz &amp; Noemi Krondorfer bilden die Spitze des kreativen Landhaus Bacher K\u00fcchen-Teams.<\/p><p style=\"font-weight: 400;\">Weiters im Dream Team: Elias Draxler, Gabriel Engelhart, Jacob Carnott, Johanna Amann, Iris Nothnagl, Elias Draxler, Magdalena Schauer &amp; Julia Poscharnik<\/p><p style=\"font-weight: 400;\">sowie unsere Lehrlinge Lorenz Almeder &amp; Rome Widburger<\/p><\/div><\/div><\/div>\t\t\t\t\t\t\t\t<\/div>\n\t\t\t\t<\/div>\n\t\t\t\t<\/div>\n\t\t\t\t\t<\/div>\n\t\t\t\t<\/div>\n\t\t<div class=\"elementor-element elementor-element-d0c3fc0 e-flex e-con-boxed e-con e-parent\" data-id=\"d0c3fc0\" data-element_type=\"container\" data-e-type=\"container\" data-settings=\"{&quot;motion_fx_motion_fx_scrolling&quot;:&quot;yes&quot;,&quot;motion_fx_translateY_effect&quot;:&quot;yes&quot;,&quot;motion_fx_translateY_speed&quot;:{&quot;unit&quot;:&quot;px&quot;,&quot;size&quot;:7.6,&quot;sizes&quot;:[]},&quot;motion_fx_translateY_affectedRange&quot;:{&quot;unit&quot;:&quot;%&quot;,&quot;size&quot;:&quot;&quot;,&quot;sizes&quot;:{&quot;start&quot;:0,&quot;end&quot;:100}},&quot;motion_fx_devices&quot;:[&quot;desktop&quot;,&quot;tablet&quot;,&quot;mobile&quot;]}\">\n\t\t\t\t\t<div class=\"e-con-inner\">\n\t\t<div class=\"elementor-element elementor-element-3727a5e e-con-full e-flex e-con e-child\" data-id=\"3727a5e\" data-element_type=\"container\" data-e-type=\"container\" data-settings=\"{&quot;motion_fx_motion_fx_scrolling&quot;:&quot;yes&quot;,&quot;motion_fx_translateY_effect&quot;:&quot;yes&quot;,&quot;motion_fx_translateY_speed&quot;:{&quot;unit&quot;:&quot;px&quot;,&quot;size&quot;:4,&quot;sizes&quot;:[]},&quot;motion_fx_translateY_affectedRange&quot;:{&quot;unit&quot;:&quot;%&quot;,&quot;size&quot;:&quot;&quot;,&quot;sizes&quot;:{&quot;start&quot;:0,&quot;end&quot;:100}},&quot;motion_fx_devices&quot;:[&quot;desktop&quot;,&quot;tablet&quot;,&quot;mobile&quot;]}\">\n\t\t\t\t<div class=\"elementor-element elementor-element-80b4a2c elementor-widget elementor-widget-image\" data-id=\"80b4a2c\" data-element_type=\"widget\" data-e-type=\"widget\" data-widget_type=\"image.default\">\n\t\t\t\t<div class=\"elementor-widget-container\">\n\t\t\t\t\t\t\t\t\t\t\t\t\t\t\t<img loading=\"lazy\" decoding=\"async\" width=\"372\" height=\"547\" src=\"https:\/\/www.landhaus-bacher.at\/wp-content\/uploads\/2026\/01\/landhaus_6.jpg\" class=\"attachment-large size-large wp-image-1500\" alt=\"screenshot\" srcset=\"https:\/\/www.landhaus-bacher.at\/wp-content\/uploads\/2026\/01\/landhaus_6.jpg 372w, https:\/\/www.landhaus-bacher.at\/wp-content\/uploads\/2026\/01\/landhaus_6-204x300.jpg 204w\" sizes=\"(max-width: 372px) 100vw, 372px\" title=\"Landhaus Bacher\">\t\t\t\t\t\t\t\t\t\t\t\t\t\t\t<\/div>\n\t\t\t\t<\/div>\n\t\t\t\t<\/div>\n\t\t<div class=\"elementor-element elementor-element-c20310e e-con-full e-flex e-con e-child\" data-id=\"c20310e\" data-element_type=\"container\" data-e-type=\"container\">\n\t\t\t\t<div class=\"elementor-element elementor-element-4834661 elementor-widget elementor-widget-heading\" data-id=\"4834661\" data-element_type=\"widget\" data-e-type=\"widget\" data-widget_type=\"heading.default\">\n\t\t\t\t<div class=\"elementor-widget-container\">\n\t\t\t\t\t<h2 class=\"elementor-heading-title elementor-size-default\">Der Service\n<\/h2>\t\t\t\t<\/div>\n\t\t\t\t<\/div>\n\t\t\t\t<div class=\"elementor-element elementor-element-5b643ba elementor-widget elementor-widget-text-editor\" data-id=\"5b643ba\" data-element_type=\"widget\" data-e-type=\"widget\" data-widget_type=\"text-editor.default\">\n\t\t\t\t<div class=\"elementor-widget-container\">\n\t\t\t\t\t\t\t\t\t<div class=\"ce-bodytext\"><div class=\"ce-bodytext\"><p style=\"font-weight: 400;\">Johanna Stiefelbauer &amp; Christina K\u00f6stler, verw\u00f6hnen unsere G\u00e4ste im Restaurant mit unserem Landhaus Bacher Service-Team.<\/p><p style=\"font-weight: 400;\">Sommelierteam: Georg Damberger &amp; Oskar Specht<\/p><p style=\"font-weight: 400;\">Weiters im Dream Team: Tristan Tuma, Michaela Auer, Hannah W\u00f6hrle, Constantin Dorfer und unser Lehrling Leni Etz<\/p><\/div><\/div>\t\t\t\t\t\t\t\t<\/div>\n\t\t\t\t<\/div>\n\t\t\t\t<\/div>\n\t\t\t\t\t<\/div>\n\t\t\t\t<\/div>\n\t\t\t\t<\/div>\n\t\t","protected":false},"excerpt":{"rendered":"<p>Herzlich Willkommen im Landhaus Bacher Das Landhaus Bacher geh\u00f6rt zu den traditionsreichsten und besten Restaurants \u00d6sterreichs. Das sagen nicht wir, [&hellip;]<\/p>\n","protected":false},"author":1,"featured_media":0,"parent":0,"menu_order":0,"comment_status":"closed","ping_status":"closed","template":"","meta":{"site-sidebar-layout":"no-sidebar","site-content-layout":"","ast-site-content-layout":"full-width-container","site-content-style":"default","site-sidebar-style":"default","ast-global-header-display":"","ast-banner-title-visibility":"","ast-main-header-display":"","ast-hfb-above-header-display":"","ast-hfb-below-header-display":"","ast-hfb-mobile-header-display":"","site-post-title":"disabled","ast-breadcrumbs-content":"","ast-featured-img":"","footer-sml-layout":"","ast-disable-related-posts":"","theme-transparent-header-meta":"","adv-header-id-meta":"","stick-header-meta":"","header-above-stick-meta":"","header-main-stick-meta":"","header-below-stick-meta":"","astra-migrate-meta-layouts":"default","ast-page-background-enabled":"default","ast-page-background-meta":{"desktop":{"background-color":"var(--ast-global-color-4)","background-image":"","background-repeat":"repeat","background-position":"center center","background-size":"auto","background-attachment":"scroll","background-type":"","background-media":"","overlay-type":"","overlay-color":"","overlay-opacity":"","overlay-gradient":""},"tablet":{"background-color":"","background-image":"","background-repeat":"repeat","background-position":"center center","background-size":"auto","background-attachment":"scroll","background-type":"","background-media":"","overlay-type":"","overlay-color":"","overlay-opacity":"","overlay-gradient":""},"mobile":{"background-color":"","background-image":"","background-repeat":"repeat","background-position":"center center","background-size":"auto","background-attachment":"scroll","background-type":"","background-media":"","overlay-type":"","overlay-color":"","overlay-opacity":"","overlay-gradient":""}},"ast-content-background-meta":{"desktop":{"background-color":"var(--ast-global-color-5)","background-image":"","background-repeat":"repeat","background-position":"center center","background-size":"auto","background-attachment":"scroll","background-type":"","background-media":"","overlay-type":"","overlay-color":"","overlay-opacity":"","overlay-gradient":""},"tablet":{"background-color":"var(--ast-global-color-5)","background-image":"","background-repeat":"repeat","background-position":"center center","background-size":"auto","background-attachment":"scroll","background-type":"","background-media":"","overlay-type":"","overlay-color":"","overlay-opacity":"","overlay-gradient":""},"mobile":{"background-color":"var(--ast-global-color-5)","background-image":"","background-repeat":"repeat","background-position":"center center","background-size":"auto","background-attachment":"scroll","background-type":"","background-media":"","overlay-type":"","overlay-color":"","overlay-opacity":"","overlay-gradient":""}},"footnotes":""},"class_list":["post-1287","page","type-page","status-publish","hentry"],"_links":{"self":[{"href":"https:\/\/www.landhaus-bacher.at\/en\/wp-json\/wp\/v2\/pages\/1287","targetHints":{"allow":["GET"]}}],"collection":[{"href":"https:\/\/www.landhaus-bacher.at\/en\/wp-json\/wp\/v2\/pages"}],"about":[{"href":"https:\/\/www.landhaus-bacher.at\/en\/wp-json\/wp\/v2\/types\/page"}],"author":[{"embeddable":true,"href":"https:\/\/www.landhaus-bacher.at\/en\/wp-json\/wp\/v2\/users\/1"}],"replies":[{"embeddable":true,"href":"https:\/\/www.landhaus-bacher.at\/en\/wp-json\/wp\/v2\/comments?post=1287"}],"version-history":[{"count":127,"href":"https:\/\/www.landhaus-bacher.at\/en\/wp-json\/wp\/v2\/pages\/1287\/revisions"}],"predecessor-version":[{"id":2053,"href":"https:\/\/www.landhaus-bacher.at\/en\/wp-json\/wp\/v2\/pages\/1287\/revisions\/2053"}],"wp:attachment":[{"href":"https:\/\/www.landhaus-bacher.at\/en\/wp-json\/wp\/v2\/media?parent=1287"}],"curies":[{"name":"wp","href":"https:\/\/api.w.org\/{rel}","templated":true}]}}